{"id":12078,"date":"2018-05-24T10:55:49","date_gmt":"2018-05-24T09:55:49","guid":{"rendered":"https:\/\/iaudioguide.com\/impressum-nutzungbedingungen-datenschutz\/"},"modified":"2018-05-24T11:14:56","modified_gmt":"2018-05-24T10:14:56","slug":"impressum-nutzungbedingungen-datenschutz","status":"publish","type":"page","link":"https:\/\/iaudioguide.com\/de\/impressum-nutzungbedingungen-datenschutz\/","title":{"rendered":"Impressum, Nutzungbedingungen, Datenschutz"},"content":{"rendered":"<div>\n<h2>Nutzungbedingungen &#8211; Impressum<\/h2>\n<\/div>\n<p>Geniessen Sie Ihren Urlaub mit dem audio guide. TP1 sprl Kontaktdaten und weitere info siehe unten, hiernach auch iAudioguide.com genannt, haftet f\u00fcr keinerlei Sch\u00e4den, die in Zusammenhang mit der Nutzung seiner Audiof\u00fchrungen entstehen. Dies betrifft sowohl Unf\u00e4lle und Hardware-Probleme als auch Sch\u00e4den, die aus eventuellen Fehlinformationen entstehen k\u00f6nnen. Durch Nutzung von iAudioguides erkl\u00e4ren Sie sich bereit diese Bedingungen anzuerkennen.<br \/>\nDas Urheberecht an allen Inhalten liegt bei iAudioguide.com. Es ist daher nicht gestattet Audiodateien, Karten oder andere Inhalte der Website zu ver\u00e4ndern oder weiter zu verbreiten.<\/p>\n<p>Ausf\u00fchrliche Nutzungsbedingungen und Erkl\u00e4rungen zum Datenschutz sind derzeit nur in Englischer Sprache verf\u00fcgbar. Wenn Sie diesen Nutzungsbedingungen (siehe unten) nicht zustimmen, sollten Sie den iAudioguide nicht nutzen.<\/p>\n<p>Impressum<br \/>\niAudioguide.com \u2013 TP1 sprl<br \/>\nRue Le Correge 29<br \/>\nB-10o0 Brussels\/Belgium<br \/>\nUmsatzsteuer-Identifikationsnummer: BE-0879.869.875<br \/>\nPhone +32.486.823740<br \/>\nFax +32.2.5349018<br \/>\neMail: info[at.]iaudioguide.com<br \/>\nInternet: www.iaudioguide.com<br \/>\nVertretungsberechtigter Gesch\u00e4ftsf\u00fchrer: LPSVANE<br \/>\nHaftungshinweis: Trotz sorgf\u00e4ltiger inhaltlicher Kontrolle \u00fcbernehmen wir keine Haftung f\u00fcr die Inhalte externer Links. F\u00fcr den Inhalt der verlinkten Seiten sind ausschlie\u00dflich deren Betreiber verantwortlich.<\/p>\n<h2>Erkl\u00e4rung zur Informationspflicht<\/h2>\n<h3>(Datenschutzerkl\u00e4rung)<\/h3>\n<p>Der Schutz Ihrer pers\u00f6nlichen Daten ist uns ein besonderes Anliegen. Wir verarbeiten Ihre Daten daher ausschlie\u00dflich auf Grundlage der gesetzlichen Bestimmungen (DSGVO). In diesen Datenschutzinformationen informieren wir Sie \u00fcber die wichtigsten Aspekte der Datenverarbeitung im Rahmen unserer Website.<\/p>\n<h3>Kontakt mit uns<\/h3>\n<p>Der <strong>Verantwortliche i.S. der DSGVO<\/strong> is TP1 sprl, LPSVANE, Kontaktdaten unten. Sie k\u00f6nnen Ihre pers\u00f6nlichen Daten, falls wir welche haben, formlos per email an u.g. anfordern. <strong>Wenn Sie die der Datenspeicherung nicht zustimmen, besuchen Sie unsere Seite nicht oder stellen Sie Ihren Browser so ein, dass keine pers\u00f6nlichen Daten \u00fcbermittelt werden, z.B. durch Nutzung eines VPN.\u00a0<\/strong><\/p>\n<p>Falls Sie uns Daten \u00fcbermitteln, wie etwa Ihre email, werden wir die Daten nutzen um zu antworten (bei email Fragen) oder zu informieren (bei newslettern).<\/p>\n<p>Wenn Sie per Formular auf der Website oder per E-Mail Kontakt mit uns aufnehmen, werden Ihre angegebenen Daten zwecks Bearbeitung der Anfrage und f\u00fcr den Fall von Anschlussfragen vier Jahre bei uns gespeichert. Diese Daten geben wir nicht ohne Ihre Einwilligung weiter.<\/p>\n<h3>Datenspeicherung<\/h3>\n<p>Wir weisen darauf hin, dass zum Zweck des einfacheren Einkaufsvorganges und zur sp\u00e4teren Vertragsabwicklung vom Webshop-Betreiber im Rahmen von Cookies die IP-Daten des Anschlussinhabers gespeichert werden, ebenso wie Name, Anschrift und Kreditkartennummer des K\u00e4ufers.Dar\u00fcber hinaus werden zum Zweck der Vertragsabwicklung folgende Daten auch bei uns gespeichert: Text der Bestpreisgarantie. Die von Ihnen bereit gestellten Daten sind zur Vertragserf\u00fcllung bzw zur Durchf\u00fchrung vorvertraglicher Ma\u00dfnahmen erforderlich. Ohne diese Daten k\u00f6nnen wir den Vertrag mit Ihnen nicht abschlie\u00dfen. Eine Daten\u00fcbermittlung an Dritte erfolgt nicht, mit Ausnahme der \u00dcbermittlung der Kreditkartendaten an die abwickelnden Bankinstitute\/Zahlungsdienstleister zum Zwecke der Abbuchung des Einkaufspreises sowie an unseren Steuerberater zur Erf\u00fcllung unserer steuerrechtlichen Verpflichtungen. Im Falle eines Vertragsabschlusses werden s\u00e4mtliche Daten aus dem Vertragsverh\u00e4ltnis bis zum Ablauf der steuerrechtlichen Aufbewahrungsfrist (10 Jahre) gespeichert.Die Daten Name, Anschrift, gekaufte Waren und Kaufdatum werden dar\u00fcber hinaus gehend bis zum Ablauf der Produkthaftung (10 Jahre) gespeichert. Die Datenverarbeitung erfolgt auf Basis der gesetzlichen Bestimmungen\u00a0 sowie des Art 6 Abs 1 lit a (Einwilligung) und\/oder lit b (notwendig zur Vertragserf\u00fcllung) der DSGVO.<\/p>\n<h3>Cookies<\/h3>\n<p>Unsere Website verwendet so genannte Cookies. Dabei handelt es sich um kleine Textdateien, die mit Hilfe des Browsers auf Ihrem Endger\u00e4t abgelegt werden. Sie richten keinen Schaden an.Wir nutzen Cookies dazu, unser Angebot nutzerfreundlich zu gestalten. Einige Cookies bleiben auf Ihrem Endger\u00e4t gespeichert, bis Sie diese l\u00f6schen. Sie erm\u00f6glichen es uns, Ihren Browser beim n\u00e4chsten Besuch wiederzuerkennen.Wenn Sie dies nicht w\u00fcnschen, so k\u00f6nnen Sie Ihren Browser so einrichten, dass er Sie \u00fcber das Setzen von Cookies informiert und Sie dies nur im Einzelfall erlauben.Bei der Deaktivierung von Cookies kann die Funktionalit\u00e4t unserer Website eingeschr\u00e4nkt sein.<\/p>\n<h3>Web-Analyse<\/h3>\n<p>Unsere Website verwendet (oder plant zu verwenden) Funktionen folgender Webseiten\/Dienstleister, jeweils Link zur DSGVO Unterseite, wo Sie auch die dktuelle Adresse finden:<\/p>\n<p>https:\/\/cloud.<strong>google.com<\/strong>\/security\/gdpr (email, analytics, Speicher)<br \/>\nhttps:\/\/www.<strong>facebook.com<\/strong>\/business\/gdpr<br \/>\nhttps:\/\/www.<strong>linkedin.com<\/strong>\/help\/linkedin\/topics\/6701\/6702<br \/>\nhttps:\/\/gdpr.<strong>twitter.com<\/strong>\/en.html<br \/>\nhttps:\/\/kb.<strong>mailchimp.com<\/strong>\/binaries\/content\/assets\/mailchimpkb\/us\/en\/pdfs\/mailchimp_gdpr_sept2017.pdf<br \/>\nhttps:\/\/www.<strong>zoho.com<\/strong>\/gdpr.html<br \/>\nhttp:\/\/www.<strong>namesilo.com<\/strong><br \/>\nhttps:\/\/www.<strong>siteground.com<\/strong>\/blog\/gdpr-siteground-getting-ready\/<br \/>\nhttps:\/\/<strong>soundcloud.com<\/strong>\/pages\/privacy<br \/>\nhttps:\/\/www.<strong>wordfence.com<\/strong>\/help\/general-data-protection-regulation\/<br \/>\nhttps:\/\/uk.<strong>godaddy.com<\/strong>\/agreements\/showdoc.aspx?pageid=PRIVACY<\/p>\n<p>Dazu werden Cookies verwendet, die eine Analyse der Benutzung der Website durch Ihre Benutzer erm\u00f6glicht. Die dadurch erzeugten Informationen werden auf den Server des Anbieters \u00fcbertragen und dort gespeichert.Sie k\u00f6nnen dies verhindern, indem Sie Ihren Browser so einrichten, dass keine Cookies gespeichert werden.Wir haben mit dem Anbieter einen entsprechenden Vertrag zur Auftragsdatenverarbeitung abgeschlossen. Die Beziehung zum Webanalyseanbieter basiert auf Standardvertragsklauseln. Die Datenverarbeitung erfolgt auf Basis der gesetzlichen Bestimmungen\u00a0 sowie des Art 6 Abs 1 lit a (Einwilligung) und\/oder f (berechtigtes Interesse) der DSGVO.Unser Anliegen im Sinne der DSGVO (berechtigtes Interesse) ist die Verbesserung unseres Angebotes und unseres Webauftritts. Da uns die Privatsph\u00e4re unserer Nutzer wichtig ist, werden die Nutzerdaten pseudonymisiert. Die Nutzerdaten werden f\u00fcr die Dauer von max. 5 Jahren aufbewahrt. Wir verlinken m\u00f6glicherweiwse auf auf unsere social media accounts bei facebook, linkedin, twitter. Auf diesen Seiten gelten die jeweils entsprechenden Datenschutzerkl\u00e4rungen dieser Seiten, und auf dort gel\u00f6schte Daten haben wir nat\u00fcrlich keinen Zugang.<\/p>\n<h3>Newsletter<\/h3>\n<p>Sie haben m\u00f6glicherweise die M\u00f6glichkeit, \u00fcber unsere Website unseren Newsletter zu abonnieren. Hierf\u00fcr ben\u00f6tigen wir Ihre E-Mail-Adresse und ihre Erkl\u00e4rung, dass Sie mit dem Bezug des Newsletters einverstanden sind.Um Sie zielgerichtet mit Informationen zu versorgen, erheben und verarbeiten wir au\u00dferdem freiwillig die gemachte Angaben.<\/p>\n<p>Sobald Sie sich f\u00fcr den Newsletter angemeldet haben, senden wir Ihnen ein Best\u00e4tigungs-E-Mail mit einem Link zur Best\u00e4tigung der Anmeldung.Das Abo des Newsletters k\u00f6nnen Sie jederzeit in einem Abmeldelink am Ende der email stornieren. Ihre RechteIhnen stehen grunds\u00e4tzlich die Rechte auf Auskunft, Berichtigung, L\u00f6schung, Einschr\u00e4nkung, Daten\u00fcbertragbarkeit, Widerruf und Widerspruch zu. Wenn Sie glauben, dass die Verarbeitung Ihrer Daten gegen das Datenschutzrecht verst\u00f6\u00dft oder Ihre datenschutzrechtlichen Anspr\u00fcche sonst in einer Weise verletzt worden sind, k\u00f6nnen Sie sich bei der zust\u00e4ndigen Aufsichtsbeh\u00f6rde beschweren.<\/p>\n<h3>Kontakt<\/h3>\n<p>Sie erreichen uns unter folgenden Kontaktdaten:TP1 Sprl , Gesch\u00e4ftsf\u00fchrer LPSVANE MwST\/UnternehmnNr.: BE-0879.869.875, email:info@iaudioguide.com, Rue Le Corr\u00e8ge 29, B-1000 Br\u00fcssel, Tel +32.486.823740. Unseren Datenschutzbeauftragten erreichen Sie unter der gleichen Adresse. Stand: Mai 2018<\/p>\n","protected":false},"excerpt":{"rendered":"<p>Nutzungbedingungen &#8211; Impressum Geniessen Sie Ihren Urlaub mit dem audio guide. TP1 sprl Kontaktdaten und weitere info siehe unten, hiernach<\/p>\n","protected":false},"author":1,"featured_media":0,"parent":0,"menu_order":0,"comment_status":"closed","ping_status":"closed","template":"","meta":{"footnotes":""},"class_list":["post-12078","page","type-page","status-publish","hentry"],"_links":{"self":[{"href":"https:\/\/iaudioguide.com\/de\/wp-json\/wp\/v2\/pages\/12078","targetHints":{"allow":["GET"]}}],"collection":[{"href":"https:\/\/iaudioguide.com\/de\/wp-json\/wp\/v2\/pages"}],"about":[{"href":"https:\/\/iaudioguide.com\/de\/wp-json\/wp\/v2\/types\/page"}],"author":[{"embeddable":true,"href":"https:\/\/iaudioguide.com\/de\/wp-json\/wp\/v2\/users\/1"}],"replies":[{"embeddable":true,"href":"https:\/\/iaudioguide.com\/de\/wp-json\/wp\/v2\/comments?post=12078"}],"version-history":[{"count":1,"href":"https:\/\/iaudioguide.com\/de\/wp-json\/wp\/v2\/pages\/12078\/revisions"}],"predecessor-version":[{"id":12082,"href":"https:\/\/iaudioguide.com\/de\/wp-json\/wp\/v2\/pages\/12078\/revisions\/12082"}],"wp:attachment":[{"href":"https:\/\/iaudioguide.com\/de\/wp-json\/wp\/v2\/media?parent=12078"}],"curies":[{"name":"wp","href":"https:\/\/api.w.org\/{rel}","templated":true}]}}