{"id":5208,"date":"2014-05-04T21:22:00","date_gmt":"2014-05-04T20:22:00","guid":{"rendered":"https:\/\/iaudioguide.com\/ueber-uns\/"},"modified":"2014-05-09T14:25:08","modified_gmt":"2014-05-09T13:25:08","slug":"uber-uns","status":"publish","type":"page","link":"https:\/\/iaudioguide.com\/de\/uber-uns\/","title":{"rendered":"\u00dcber uns"},"content":{"rendered":"<p>Audioguide.com, ein Internet Start-Up mit Sitz in Br\u00fcssel, wurde im April 2006 gegr\u00fcndet. Wir sind der f\u00fchrende Anbieter mehrsprachiger kostenloser St\u00e4dteaudioguides.<\/p>\n","protected":false},"excerpt":{"rendered":"<p>Audioguide.com, ein Internet Start-Up mit Sitz in Br\u00fcssel, wurde im April 2006 gegr\u00fcndet. Wir sind der f\u00fchrende Anbieter mehrsprachiger kostenloser<\/p>\n","protected":false},"author":1,"featured_media":0,"parent":0,"menu_order":0,"comment_status":"closed","ping_status":"closed","template":"contact.php","meta":{"footnotes":""},"class_list":["post-5208","page","type-page","status-publish","hentry"],"_links":{"self":[{"href":"https:\/\/iaudioguide.com\/de\/wp-json\/wp\/v2\/pages\/5208","targetHints":{"allow":["GET"]}}],"collection":[{"href":"https:\/\/iaudioguide.com\/de\/wp-json\/wp\/v2\/pages"}],"about":[{"href":"https:\/\/iaudioguide.com\/de\/wp-json\/wp\/v2\/types\/page"}],"author":[{"embeddable":true,"href":"https:\/\/iaudioguide.com\/de\/wp-json\/wp\/v2\/users\/1"}],"replies":[{"embeddable":true,"href":"https:\/\/iaudioguide.com\/de\/wp-json\/wp\/v2\/comments?post=5208"}],"version-history":[{"count":1,"href":"https:\/\/iaudioguide.com\/de\/wp-json\/wp\/v2\/pages\/5208\/revisions"}],"predecessor-version":[{"id":5289,"href":"https:\/\/iaudioguide.com\/de\/wp-json\/wp\/v2\/pages\/5208\/revisions\/5289"}],"wp:attachment":[{"href":"https:\/\/iaudioguide.com\/de\/wp-json\/wp\/v2\/media?parent=5208"}],"curies":[{"name":"wp","href":"https:\/\/api.w.org\/{rel}","templated":true}]}}