{"id":5225,"date":"2014-05-04T21:43:38","date_gmt":"2014-05-04T20:43:38","guid":{"rendered":"https:\/\/iaudioguide.com\/download\/"},"modified":"2019-02-04T16:09:58","modified_gmt":"2019-02-04T15:09:58","slug":"download","status":"publish","type":"page","link":"https:\/\/iaudioguide.com\/de\/download\/","title":{"rendered":"Download Audioguides"},"content":{"rendered":"<p>Bald k\u00f6nnen Sie hier \u00fcber 100 oft kostenlose Audioguides herunterladen. Mit diesen St\u00e4dten geht es los:<\/p>\n<p>| <a title=\"Barcelone Audioguide\" href=\"https:\/\/iaudioguide.com\/de\/barcelona-audio-guide-und-stadtplan\/\">Barcelona<\/a> | <a title=\"Berlin Audioguide und Stadtplan\" href=\"https:\/\/iaudioguide.com\/de\/berlin-audio-guide-und-stadtplan\/\">Berlin<\/a> | <a title=\"London Audioguide und Stadtplan\" href=\"https:\/\/iaudioguide.com\/de\/london-audioguide-und-stadtplan\/\">London<\/a> | <a title=\"Paris Audioguides und Stadtplan\" href=\"https:\/\/iaudioguide.com\/de\/paris-audioguides-und-stadtplan\/\">Paris<\/a>\u00a0| <a title=\"Rom Audioguide und Stadtplan\" href=\"https:\/\/iaudioguide.com\/de\/rom-audioguide-und-stadtplan\/\">Rom<\/a> |<\/p>\n<p>Auf iAudioguide finden Sie \u00fcbrigens auch rund 1000 <a title=\"Download Free City Audio Guides\" href=\"https:\/\/iaudioguide.com\/download-city-audio-guides\/\">Audio Guides in English<\/a>, und weitere Guides auf franz\u00f6sisch und italienisch. Oben auf die entsprechende Flagge klicken.<\/p>\n","protected":false},"excerpt":{"rendered":"<p>Bald k\u00f6nnen Sie hier \u00fcber 100 oft kostenlose Audioguides herunterladen. Mit diesen St\u00e4dten geht es los: | Barcelona | Berlin<\/p>\n","protected":false},"author":1,"featured_media":0,"parent":0,"menu_order":0,"comment_status":"closed","ping_status":"closed","template":"","meta":{"footnotes":""},"class_list":["post-5225","page","type-page","status-publish","hentry"],"_links":{"self":[{"href":"https:\/\/iaudioguide.com\/de\/wp-json\/wp\/v2\/pages\/5225","targetHints":{"allow":["GET"]}}],"collection":[{"href":"https:\/\/iaudioguide.com\/de\/wp-json\/wp\/v2\/pages"}],"about":[{"href":"https:\/\/iaudioguide.com\/de\/wp-json\/wp\/v2\/types\/page"}],"author":[{"embeddable":true,"href":"https:\/\/iaudioguide.com\/de\/wp-json\/wp\/v2\/users\/1"}],"replies":[{"embeddable":true,"href":"https:\/\/iaudioguide.com\/de\/wp-json\/wp\/v2\/comments?post=5225"}],"version-history":[{"count":9,"href":"https:\/\/iaudioguide.com\/de\/wp-json\/wp\/v2\/pages\/5225\/revisions"}],"predecessor-version":[{"id":12095,"href":"https:\/\/iaudioguide.com\/de\/wp-json\/wp\/v2\/pages\/5225\/revisions\/12095"}],"wp:attachment":[{"href":"https:\/\/iaudioguide.com\/de\/wp-json\/wp\/v2\/media?parent=5225"}],"curies":[{"name":"wp","href":"https:\/\/api.w.org\/{rel}","templated":true}]}}