{"id":5252,"date":"2014-05-07T20:25:12","date_gmt":"2014-05-07T19:25:12","guid":{"rendered":"https:\/\/iaudioguide.com\/ueber-100-meist-kostenlose-city-audioguides-von-iaudioguide\/"},"modified":"2019-02-04T16:07:20","modified_gmt":"2019-02-04T15:07:20","slug":"uber-100-meist-kostenlose-city-audioguides-von-iaudioguide","status":"publish","type":"page","link":"https:\/\/iaudioguide.com\/de\/","title":{"rendered":"\u00dcber 100 meist kostenlose City Audioguides"},"content":{"rendered":"<p><div class=\"fusion-fullwidth fullwidth-box fusion-builder-row-1 nonhundred-percent-fullwidth non-hundred-percent-height-scrolling\" style=\"--awb-background-position:top left;--awb-border-color:#f6f6f6;--awb-border-radius-top-left:0px;--awb-border-radius-top-right:0px;--awb-border-radius-bottom-right:0px;--awb-border-radius-bottom-left:0px;--awb-padding-top:0px;--awb-padding-bottom:0px;--awb-border-sizes-top:0px;--awb-border-sizes-bottom:0px;--awb-flex-wrap:wrap;\" ><div class=\"fusion-builder-row fusion-row\"><div class=\"fusion-layout-column fusion_builder_column fusion-builder-column-0 fusion_builder_column_1_1 1_1 fusion-one-full fusion-column-first fusion-column-last\" style=\"--awb-bg-size:cover;--awb-margin-bottom:0px;\"><div class=\"fusion-column-wrapper fusion-flex-column-wrapper-legacy\"><div class=\"fusion-text fusion-text-1\"><h1 style=\"text-align: center; font-size: 30px !important;\">Hunderte Audioguides herunterladen, often kostenlos.<\/h1>\n<p style=\"text-align: center; margin-top: -10px;\">Willkommen bei der wohl vollst\u00e4ndigsten Auswahl f\u00fcr St\u00e4dtetouren mit Audioguides zum download. Seit 2006 will iAudioguide <strong><span style=\"color: #84b231;\">alle verf\u00fcgbaren City Audioguides <\/span><\/strong>zeigen. (P.S.: Wir helfen Museen, die besten Audioguide-Dienstleister zu finden.<\/p>\n<\/div><div class=\"fusion-clearfix\"><\/div><\/div><\/div><div class=\"fusion-layout-column fusion_builder_column fusion-builder-column-1 fusion_builder_column_1_1 1_1 fusion-one-full fusion-column-first fusion-column-last fusion-column-no-min-height\" style=\"--awb-bg-size:cover;--awb-margin-bottom:0px;\"><div class=\"fusion-column-wrapper fusion-flex-column-wrapper-legacy\"><div class=\"fusion-sep-clear\"><\/div><div class=\"fusion-separator fusion-full-width-sep\" style=\"margin-left: auto;margin-right: auto;margin-top:10px;margin-bottom:10px;width:100%;\"><\/div><div class=\"fusion-sep-clear\"><\/div><div class=\"fusion-clearfix\"><\/div><\/div><\/div><div class=\"fusion-layout-column fusion_builder_column fusion-builder-column-2 fusion_builder_column_1_1 1_1 fusion-one-full fusion-column-first fusion-column-last fusion-column-no-min-height\" style=\"--awb-bg-size:cover;--awb-margin-bottom:0px;\"><div class=\"fusion-column-wrapper fusion-flex-column-wrapper-legacy\"><div class=\"fusion-content-boxes content-boxes columns row fusion-columns-3 fusion-columns-total-3 fusion-content-boxes-1 content-boxes-icon-with-title content-left\" style=\"--awb-backgroundcolor:transparent;--awb-iconcolor:#000000;--awb-hover-accent-color:#a0ce4e;--awb-circle-hover-accent-color:#a0ce4e;\" data-animationOffset=\"top-into-view\"><div style=\"--awb-backgroundcolor:transparent;--awb-iconcolor:#000000;\" class=\"fusion-column content-box-column content-box-column content-box-column-1 col-lg-4 col-md-4 col-sm-4 fusion-content-box-hover content-box-column-first-in-row\"><div class=\"col content-box-wrapper content-wrapper link-area-link-icon link-type-text icon-hover-animation-fade\" data-animationOffset=\"top-into-view\"><div class=\"heading heading-with-icon icon-left\"><a class=\"heading-link\" style=\"float:left;\" href=\"https:\/\/iaudioguide.com\/de\/download\/\" target=\"_self\"><div class=\"icon\"><i style=\"border-color:#000000;border-width:1px;background-color:#ffffff;box-sizing:content-box;height:42px;width:42px;line-height:42px;border-radius:50%;font-size:21px;\" aria-hidden=\"true\" class=\"fontawesome-icon fa fa-download circle-yes\"><\/i><\/div><h2 class=\"content-box-heading\" style=\"--h2_typography-font-size:18px;line-height:23px;\">Audioguides herunterladen<\/h2><\/a><\/div><div class=\"fusion-clearfix\"><\/div><div class=\"content-container\">Hier finden sie hunderte City <span style=\"text-decoration: underline;\"><a title=\"Download kostenlose Audioguides\" href=\"https:\/\/iaudioguide.com\/de\/download\/\">Audioguides oft zum Gratis Download, hier klicken<\/a><\/span>. F\u00fcr iPhone, Android und als mp3. <\/div><\/div><\/div>\n<div style=\"--awb-backgroundcolor:transparent;--awb-iconcolor:#000000;\" class=\"fusion-column content-box-column content-box-column content-box-column-2 col-lg-4 col-md-4 col-sm-4 fusion-content-box-hover \"><div class=\"col content-box-wrapper content-wrapper link-area-link-icon link-type-text icon-hover-animation-fade\" data-animationOffset=\"top-into-view\"><div class=\"heading heading-with-icon icon-left\"><a class=\"heading-link\" style=\"float:left;\" href=\"https:\/\/iaudioguide.com\/de\/audio-guides-veroffentlichen\/\" target=\"_self\"><div class=\"icon\"><i style=\"border-color:#000000;border-width:1px;background-color:#ffffff;box-sizing:content-box;height:42px;width:42px;line-height:42px;border-radius:50%;font-size:21px;\" aria-hidden=\"true\" class=\"fontawesome-icon fa fa-info circle-yes\"><\/i><\/div><h2 class=\"content-box-heading\" style=\"--h2_typography-font-size:18px;line-height:23px;\">Portal  <\/h2><\/a><\/div><div class=\"fusion-clearfix\"><\/div><div class=\"content-container\"> iAudioguide hilft Museen bei der Produktion und Distribution von Audioguides. <span style=\"text-decoration: underline;\"><a title=\"Audio Guides ver\u00f6ffentlichen\" href=\"https:\/\/iaudioguide.com\/de\/audio-guides-veroffentlichen\/\">Museum Audioguides Diensleister finden, hier klicken<\/a><\/span>. <\/div><\/div><\/div>\n<div style=\"--awb-backgroundcolor:transparent;--awb-iconcolor:#000000;\" class=\"fusion-column content-box-column content-box-column content-box-column-3 col-lg-4 col-md-4 col-sm-4 fusion-content-box-hover content-box-column-last content-box-column-last-in-row\"><div class=\"col content-box-wrapper content-wrapper link-area-link-icon icon-hover-animation-fade\" data-animationOffset=\"top-into-view\"><div class=\"heading heading-with-icon icon-left\"><div class=\"icon\"><i style=\"border-color:#000000;border-width:1px;background-color:#ffffff;box-sizing:content-box;height:42px;width:42px;line-height:42px;border-radius:50%;font-size:21px;\" aria-hidden=\"true\" class=\"fontawesome-icon fa fa-globe circle-yes\"><\/i><\/div><h2 class=\"content-box-heading\" style=\"--h2_typography-font-size:18px;line-height:23px;\">International<\/h2><\/div><div class=\"fusion-clearfix\"><\/div><div class=\"content-container\">iAudioguide bietet hunderte Audioguides in derzeit 4 Sprachen. Einfach oben Sprache ausw\u00e4hlen und downloaden.<\/div><\/div><\/div> <div class=\"fusion-clearfix\"><\/div><\/div><div class=\"fusion-sep-clear\"><\/div><div class=\"fusion-separator fusion-full-width-sep\" style=\"margin-left: auto;margin-right: auto;margin-top:-25px;margin-bottom:-25px;width:100%;\"><\/div><div class=\"fusion-sep-clear\"><\/div><div class=\"fusion-clearfix\"><\/div><\/div><\/div><\/div><\/div><div class=\"fusion-fullwidth fullwidth-box fusion-builder-row-2 nonhundred-percent-fullwidth non-hundred-percent-height-scrolling\" style=\"--awb-border-radius-top-left:0px;--awb-border-radius-top-right:0px;--awb-border-radius-bottom-right:0px;--awb-border-radius-bottom-left:0px;--awb-flex-wrap:wrap;\" ><div class=\"fusion-builder-row fusion-row\"><div class=\"fusion-layout-column fusion_builder_column fusion-builder-column-3 fusion_builder_column_1_1 1_1 fusion-one-full fusion-column-first fusion-column-last\" style=\"--awb-bg-size:cover;--awb-margin-bottom:0px;\"><div class=\"fusion-column-wrapper fusion-flex-column-wrapper-legacy\"><div class=\"fusion-text fusion-text-2\"><\/div><div class=\"fusion-clearfix\"><\/div><\/div><\/div><\/div><\/div><div class=\"fusion-fullwidth fullwidth-box fusion-builder-row-3 hundred-percent-fullwidth non-hundred-percent-height-scrolling\" style=\"--awb-border-radius-top-left:0px;--awb-border-radius-top-right:0px;--awb-border-radius-bottom-right:0px;--awb-border-radius-bottom-left:0px;--awb-overflow:visible;--awb-padding-right:30px;--awb-padding-left:30px;--awb-margin-top:-50px;--awb-background-color:rgba(255,255,255,0);--awb-flex-wrap:wrap;\" ><div class=\"fusion-builder-row fusion-row\"><div class=\"fusion-layout-column fusion_builder_column fusion-builder-column-4 fusion_builder_column_1_1 1_1 fusion-one-full fusion-column-first fusion-column-last fusion-column-no-min-height\" style=\"--awb-bg-size:cover;--awb-margin-bottom:0px;\"><div class=\"fusion-column-wrapper fusion-flex-column-wrapper-legacy\"><div class=\"fusion-sep-clear\"><\/div><div class=\"fusion-separator fusion-full-width-sep\" style=\"margin-left: auto;margin-right: auto;width:100%;\"><\/div><div class=\"fusion-sep-clear\"><\/div><div class=\"fusion-clearfix\"><\/div><\/div><\/div><\/div><\/div><\/p>\n","protected":false},"excerpt":{"rendered":"","protected":false},"author":1,"featured_media":0,"parent":0,"menu_order":0,"comment_status":"closed","ping_status":"closed","template":"100-width.php","meta":{"footnotes":""},"class_list":["post-5252","page","type-page","status-publish","hentry"],"_links":{"self":[{"href":"https:\/\/iaudioguide.com\/de\/wp-json\/wp\/v2\/pages\/5252","targetHints":{"allow":["GET"]}}],"collection":[{"href":"https:\/\/iaudioguide.com\/de\/wp-json\/wp\/v2\/pages"}],"about":[{"href":"https:\/\/iaudioguide.com\/de\/wp-json\/wp\/v2\/types\/page"}],"author":[{"embeddable":true,"href":"https:\/\/iaudioguide.com\/de\/wp-json\/wp\/v2\/users\/1"}],"replies":[{"embeddable":true,"href":"https:\/\/iaudioguide.com\/de\/wp-json\/wp\/v2\/comments?post=5252"}],"version-history":[{"count":30,"href":"https:\/\/iaudioguide.com\/de\/wp-json\/wp\/v2\/pages\/5252\/revisions"}],"predecessor-version":[{"id":12093,"href":"https:\/\/iaudioguide.com\/de\/wp-json\/wp\/v2\/pages\/5252\/revisions\/12093"}],"wp:attachment":[{"href":"https:\/\/iaudioguide.com\/de\/wp-json\/wp\/v2\/media?parent=5252"}],"curies":[{"name":"wp","href":"https:\/\/api.w.org\/{rel}","templated":true}]}}