{"id":5261,"date":"2014-05-09T09:02:49","date_gmt":"2014-05-09T08:02:49","guid":{"rendered":"https:\/\/iaudioguide.com\/stadtplan-paris-zum-ausdrucken-und-audio-guide\/"},"modified":"2017-02-15T16:03:04","modified_gmt":"2017-02-15T15:03:04","slug":"stadtplan-paris-zum-ausdrucken-und-audio-guide","status":"publish","type":"page","link":"https:\/\/iaudioguide.com\/de\/stadtplan-paris-zum-ausdrucken-und-audio-guide\/","title":{"rendered":"Stadtplan Paris zum Ausdrucken und Audio Guide"},"content":{"rendered":"<p>Folgende Pariser Sehensw\u00fcrdigkeiten k\u00f6nnen Sie mit dem iAudioguide bequem erkunden:<\/p>\n<p>Am besten drucken Sie diese Seite vor Ihrer Abreise aus, die Nummern entsprechen denen im Audioguide. Die einzelnen Titel sind unabh\u00e4ngig voneinander, Sie k\u00f6nnen die Reihenfolge Ihres Besuchs selber bestimmen. Und danach ggeht es hier zur\u00fcck zum Download und H\u00f6rproben des <a title=\"Paris Free Map and Audio Guide\" href=\"https:\/\/iaudioguide.com\/de\/paris-audioguides-und-stadtplan\/\">Paris Audioguide von iAudioguide.<\/a><\/p>\n<p>1 Friedhof Montparnasse und die Katakomben\u00a0 2 Jardin du Luxembourg\u00a0 3 Eiffelturm\u00a0 4 Arc de Triomphe 5 Champs-Elys\u00e9es\u00a0 6 Louvre\u00a0 7 Kathedrale von Notre Dame\u00a0 8 Palais Royal\u00a0 9 Centre Pompidou\u00a0 10 Place des Vosges\u00a0 11 Cinemath\u00e8que Francaise\u00a0 12 Montmartre\u00a0 13 Sacre Coeur 14 Invalidendom 15 Panth\u00e9on 16 Geschichte von Paris.<br \/>\n<iframe src=\"https:\/\/www.google.be\/maps\/ms?hl=en&amp;gl=be&amp;ptab=2&amp;ie=UTF8&amp;oe=UTF8&amp;msa=0&amp;msid=217780979532778179680.00047625f929e8bb4ad75&amp;t=m&amp;ll=48.861327,2.337856&amp;spn=0.05082,0.141621&amp;z=13&amp;output=embed\" width=\"825\" height=\"450\" frameborder=\"0\" marginwidth=\"0\" marginheight=\"0\" scrolling=\"no\"><\/iframe> <small><a style=\"color: #0000ff; text-align: left;\" href=\"https:\/\/www.google.be\/maps\/ms?hl=en&amp;gl=be&amp;ptab=2&amp;ie=UTF8&amp;oe=UTF8&amp;msa=0&amp;msid=217780979532778179680.00047625f929e8bb4ad75&amp;t=m&amp;ll=48.861327,2.337856&amp;spn=0.05082,0.141621&amp;z=13&amp;source=embed\">Stadtplan Paris Sehensw\u00fcrdigkeiten von iAudioguide<\/a> auf Google Maps.<br \/>\n<\/small><\/p>\n","protected":false},"excerpt":{"rendered":"<p>Folgende Pariser Sehensw\u00fcrdigkeiten k\u00f6nnen Sie mit dem iAudioguide bequem erkunden: Am besten drucken Sie diese Seite vor Ihrer Abreise aus,<\/p>\n","protected":false},"author":1,"featured_media":0,"parent":0,"menu_order":0,"comment_status":"closed","ping_status":"closed","template":"full-width.php","meta":{"footnotes":""},"class_list":["post-5261","page","type-page","status-publish","hentry"],"_links":{"self":[{"href":"https:\/\/iaudioguide.com\/de\/wp-json\/wp\/v2\/pages\/5261","targetHints":{"allow":["GET"]}}],"collection":[{"href":"https:\/\/iaudioguide.com\/de\/wp-json\/wp\/v2\/pages"}],"about":[{"href":"https:\/\/iaudioguide.com\/de\/wp-json\/wp\/v2\/types\/page"}],"author":[{"embeddable":true,"href":"https:\/\/iaudioguide.com\/de\/wp-json\/wp\/v2\/users\/1"}],"replies":[{"embeddable":true,"href":"https:\/\/iaudioguide.com\/de\/wp-json\/wp\/v2\/comments?post=5261"}],"version-history":[{"count":1,"href":"https:\/\/iaudioguide.com\/de\/wp-json\/wp\/v2\/pages\/5261\/revisions"}],"predecessor-version":[{"id":5277,"href":"https:\/\/iaudioguide.com\/de\/wp-json\/wp\/v2\/pages\/5261\/revisions\/5277"}],"wp:attachment":[{"href":"https:\/\/iaudioguide.com\/de\/wp-json\/wp\/v2\/media?parent=5261"}],"curies":[{"name":"wp","href":"https:\/\/api.w.org\/{rel}","templated":true}]}}