{"id":5267,"date":"2014-05-09T10:07:06","date_gmt":"2014-05-09T09:07:06","guid":{"rendered":"https:\/\/iaudioguide.com\/stadtplan-barcelona-ausdrucken-und-audioguide\/"},"modified":"2017-02-15T16:03:04","modified_gmt":"2017-02-15T15:03:04","slug":"stadtplan-barcelona-ausdrucken-und-audioguide","status":"publish","type":"page","link":"https:\/\/iaudioguide.com\/de\/stadtplan-barcelona-ausdrucken-und-audioguide\/","title":{"rendered":"Stadtplan Barcelona ausdrucken und Audioguide"},"content":{"rendered":"<p>Unser iAudioguide von Barcelona beschreibt die folgenden Sehensw\u00fcrdigkeiten.<\/p>\n<p>1 Montjuic 2 Mir\u00f3 Stiftung 3 Boquer\u00eda Markt 4 Las Ramblas 5 Kathedrale von Barcelona 6 Palast der Katalanischen Musik 7 Santa Maria del Mar 8 Parc de la Cuitadella 9 Olympischer Hafen 10 Sagrada Familia 11 Casa Mil\u00e0 &#8218;La Pedrera&#8216; 12 Park Guell 13 Paseo de Gracia 14 MACBA Museum 15 Camp Nou Fu\u00dfballstadion 16 Geschichte von Barcelona<br \/>\nBitte drucken Sie die Karte vor Ihrer Reise aus, or bookmarken sie diese Seite. Sie k\u00f6nnen den <a title=\"Barcelona audio guide\" href=\"https:\/\/iaudioguide.com\/de\/barcelona-audio-guide-und-stadtplan\/\">Barcelona Audioguide hier kostenlos probeh\u00f6ren und herunterladen.<\/a><br \/>\n<iframe src=\"https:\/\/www.google.be\/maps\/ms?hl=en&amp;gl=be&amp;ptab=2&amp;ie=UTF8&amp;oe=UTF8&amp;msa=0&amp;msid=217780979532778179680.0004762626d15ea794adc&amp;t=m&amp;ll=41.390075,2.178555&amp;spn=0.057953,0.141449&amp;z=13&amp;output=embed\" width=\"825\" height=\"450\" frameborder=\"0\" marginwidth=\"0\" marginheight=\"0\" scrolling=\"no\"><\/iframe><\/p>\n<p><small><a style=\"color: #0000ff; text-align: left;\" href=\"https:\/\/www.google.be\/maps\/ms?hl=en&amp;gl=be&amp;ptab=2&amp;ie=UTF8&amp;oe=UTF8&amp;msa=0&amp;msid=217780979532778179680.0004762626d15ea794adc&amp;t=m&amp;ll=41.390075,2.178555&amp;spn=0.057953,0.141449&amp;z=13&amp;source=embed\">Stadtplan Barcelona von iAudioguide.com<\/a> auf Google maps.<\/small><\/p>\n","protected":false},"excerpt":{"rendered":"<p>Unser iAudioguide von Barcelona beschreibt die folgenden Sehensw\u00fcrdigkeiten. 1 Montjuic 2 Mir\u00f3 Stiftung 3 Boquer\u00eda Markt 4 Las Ramblas 5<\/p>\n","protected":false},"author":1,"featured_media":0,"parent":0,"menu_order":0,"comment_status":"closed","ping_status":"closed","template":"full-width.php","meta":{"footnotes":""},"class_list":["post-5267","page","type-page","status-publish","hentry"],"_links":{"self":[{"href":"https:\/\/iaudioguide.com\/de\/wp-json\/wp\/v2\/pages\/5267","targetHints":{"allow":["GET"]}}],"collection":[{"href":"https:\/\/iaudioguide.com\/de\/wp-json\/wp\/v2\/pages"}],"about":[{"href":"https:\/\/iaudioguide.com\/de\/wp-json\/wp\/v2\/types\/page"}],"author":[{"embeddable":true,"href":"https:\/\/iaudioguide.com\/de\/wp-json\/wp\/v2\/users\/1"}],"replies":[{"embeddable":true,"href":"https:\/\/iaudioguide.com\/de\/wp-json\/wp\/v2\/comments?post=5267"}],"version-history":[{"count":1,"href":"https:\/\/iaudioguide.com\/de\/wp-json\/wp\/v2\/pages\/5267\/revisions"}],"predecessor-version":[{"id":5268,"href":"https:\/\/iaudioguide.com\/de\/wp-json\/wp\/v2\/pages\/5267\/revisions\/5268"}],"wp:attachment":[{"href":"https:\/\/iaudioguide.com\/de\/wp-json\/wp\/v2\/media?parent=5267"}],"curies":[{"name":"wp","href":"https:\/\/api.w.org\/{rel}","templated":true}]}}