{"id":5272,"date":"2014-05-09T12:04:35","date_gmt":"2014-05-09T11:04:35","guid":{"rendered":"https:\/\/iaudioguide.com\/rom-audioguide-und-stadtplan\/"},"modified":"2017-02-15T16:03:03","modified_gmt":"2017-02-15T15:03:03","slug":"rom-audioguide-und-stadtplan","status":"publish","type":"page","link":"https:\/\/iaudioguide.com\/de\/rom-audioguide-und-stadtplan\/","title":{"rendered":"Rom Audioguide und Stadtplan"},"content":{"rendered":"<div class=\"fusion-fullwidth fullwidth-box fusion-builder-row-1 hundred-percent-fullwidth non-hundred-percent-height-scrolling\" style=\"--awb-border-radius-top-left:0px;--awb-border-radius-top-right:0px;--awb-border-radius-bottom-right:0px;--awb-border-radius-bottom-left:0px;--awb-overflow:visible;--awb-flex-wrap:wrap;\" ><div class=\"fusion-builder-row fusion-row\"><div class=\"fusion-layout-column fusion_builder_column fusion-builder-column-0 fusion_builder_column_1_1 1_1 fusion-one-full fusion-column-first fusion-column-last fusion-column-no-min-height\" style=\"--awb-bg-size:cover;--awb-margin-bottom:0px;\"><div class=\"fusion-column-wrapper fusion-flex-column-wrapper-legacy\">[rev_slider romeslider]\n<div class=\"fusion-sep-clear\"><\/div><div class=\"fusion-separator fusion-full-width-sep\" style=\"margin-left: auto;margin-right: auto;margin-top:60px;margin-bottom:60px;width:100%;\"><\/div><div class=\"fusion-sep-clear\"><\/div>\n<div class=\"fusion-builder-row fusion-builder-row-inner fusion-row\"><\/div><div class=\"fusion-layout-column fusion_builder_column_inner fusion-builder-nested-column-0 fusion_builder_column_inner_2_3 2_3 fusion-two-third fusion-column-first\" style=\"--awb-bg-size:cover;width:66.666666666667%;width:calc(66.666666666667% - ( ( 4% ) * 0.66666666666667 ) );margin-right: 4%;\"><div class=\"fusion-column-wrapper fusion-flex-column-wrapper-legacy\"><div class=\"fusion-clearfix\"><\/div><\/div><\/div> <div class=\"fusion-clearfix\"><\/div><\/div><\/div><div class=\"fusion-layout-column fusion_builder_column fusion-builder-column-1 fusion_builder_column_1_1 1_1 fusion-one-full fusion-column-first fusion-column-last fusion-column-no-min-height\" style=\"--awb-bg-size:cover;--awb-margin-bottom:0px;\"><div class=\"fusion-column-wrapper fusion-flex-column-wrapper-legacy\"><div class=\"fusion-title title fusion-title-1 fusion-title-text fusion-title-size-two\" style=\"--awb-margin-top-small:0px;--awb-margin-right-small:0px;--awb-margin-bottom-small:20px;--awb-margin-left-small:0px;\"><h2 class=\"fusion-title-heading title-heading-left\" style=\"margin:0;\">Audioguide Rom und kostenlosen Stadtplan herunterladen<\/h2><span class=\"awb-title-spacer\"><\/span><div class=\"title-sep-container\"><div class=\"title-sep sep-double sep-solid\" style=\"border-color:#e0dede;\"><\/div><\/div><\/div> Der iAudioguide beschreibt in 16 Tracks die interessantesten Sehensw\u00fcrdigkeiten der ewigen Stadt. Der <a title=\"Stadtplan Rom\" href=\"https:\/\/iaudioguide.com\/de\/stadtplan-ausdrucken\/stadtplan-rom-zum-ausdrucken-und-audioguide\/\">kostenlose Stadtplan Rom zum ausdrucken<\/a> zeigt, wo in Rom sich die Sehensw\u00fcrdigkeiten befinden. Die Tracks dauern etwa vier Minuten, der ganze Guide ungef\u00e4hr eine Stunde. Sie k\u00f6nnen den Guide hier probeh\u00f6ren, downloaden und auf spotify sogar streamen:<br \/>\n<a title=\"Audioguide Rom\" href=\"http:\/\/www.amazon.de\/gp\/product\/B00I23UC00\" target=\"_blank\">Amazon<\/a> &#8211; <a title=\"Audioguide Rom\" href=\"https:\/\/itunes.apple.com\/ro\/album\/audioguide-rom-und-barcelona\/id807074902\" target=\"_blank\">iTunes<\/a> &#8211; <a title=\"Rom Audioguide\" href=\"https:\/\/play.google.com\/store\/music\/album\/iAudioguide_Audioguide_Rom_und_Barcelona?id=Ba3bqd5md6xbrk3kt4niu2htxjy\" target=\"_blank\">Google Play Music<\/a> &#8211; <a title=\"Rom Audioguide\" href=\"http:\/\/www.ebook.de\/de\/quickSearch?adCode=332Q10V31N40X&amp;affilinet=1&amp;searchString=iAudioguide&amp;ref=297957&amp;affmt=2&amp;affmn=31\">eBook.de<\/a> &#8211; <a title=\"Rom Audioguide\" href=\"https:\/\/play.spotify.com\/album\/2l47HU8vXtTgGrx2B1bMki\" target=\"_blank\">Spotify<\/a>.<\/p>\n<p>Bitte w\u00e4hlen sie einen der Links, und h\u00f6ren Sie in die Rom Audiotour hinein. Auf Spotify k\u00f6nnen sie den Guide sogar kostenlos anh\u00f6ren.<\/p>\n<p>Der Rom Audioguide wird meist zusammen mit unserem <a title=\"Audioguide Rom\" href=\"https:\/\/iaudioguide.com\/de\/barcelona-audio-guide-und-stadtplan\/\" target=\"_blank\">Barcelona Audioguide<\/a> angeboten, ohne Zusatzkosten.[\/fusion_builder_column_inner]\n<div class=\"fusion-clearfix\"><\/div><\/div><\/div><div class=\"fusion-layout-column fusion_builder_column fusion-builder-column-2 fusion_builder_column_1_3 1_3 fusion-one-third fusion-column-first\" style=\"--awb-bg-size:cover;width:33.333333333333%;width:calc(33.333333333333% - ( ( 4% ) * 0.33333333333333 ) );margin-right: 4%;\"><div class=\"fusion-column-wrapper fusion-flex-column-wrapper-legacy\"> <div class=\"fusion-title title fusion-title-2 fusion-title-text fusion-title-size-two\" style=\"--awb-margin-top-small:0px;--awb-margin-right-small:0px;--awb-margin-bottom-small:20px;--awb-margin-left-small:0px;\"><h2 class=\"fusion-title-heading title-heading-left\" style=\"margin:0;\">Useful resources<\/h2><span class=\"awb-title-spacer\"><\/span><div class=\"title-sep-container\"><div class=\"title-sep sep-double sep-solid\" style=\"border-color:#e0dede;\"><\/div><\/div><\/div> <div class=\"accordian fusion-accordian\" style=\"--awb-border-size:1px;--awb-icon-size:13px;--awb-content-font-size:15px;--awb-icon-alignment:left;--awb-hover-color:#f9f9f9;--awb-border-color:#cccccc;--awb-background-color:#ffffff;--awb-divider-color:#e0dede;--awb-divider-hover-color:#e0dede;--awb-icon-color:#ffffff;--awb-title-color:#333333;--awb-content-color:#747474;--awb-icon-box-color:#333333;--awb-toggle-hover-accent-color:#a0ce4e;--awb-title-font-family:&quot;Antic Slab&quot;;--awb-title-font-weight:400;--awb-title-font-style:normal;--awb-title-font-size:15px;--awb-title-line-height:1.33;--awb-content-font-family:&quot;PT Sans&quot;;--awb-content-font-style:normal;--awb-content-font-weight:400;\"><div class=\"panel-group fusion-toggle-icon-boxed\" id=\"accordion-5272-1\"> <div class=\"fusion-panel panel-default panel-838c353473c85435a fusion-toggle-has-divider\"><div class=\"panel-heading\"><h4 class=\"panel-title toggle\" id=\"toggle_838c353473c85435a\"><a aria-expanded=\"false\" aria-controls=\"838c353473c85435a\" role=\"button\" data-toggle=\"collapse\" data-parent=\"#accordion-5272-1\" data-target=\"#838c353473c85435a\" href=\"#838c353473c85435a\"><span class=\"fusion-toggle-icon-wrapper\" aria-hidden=\"true\"><i class=\"fa-fusion-box active-icon awb-icon-minus\" aria-hidden=\"true\"><\/i><i class=\"fa-fusion-box inactive-icon awb-icon-plus\" aria-hidden=\"true\"><\/i><\/span><span class=\"fusion-toggle-heading\">Travel Books<\/span><\/a><\/h4><\/div><div id=\"838c353473c85435a\" class=\"panel-collapse collapse \" aria-labelledby=\"toggle_838c353473c85435a\"><div class=\"panel-body toggle-content fusion-clearfix\">Our partner bookdepository delivers travel guide books and other books for free in most parts of the world. See popular London travel guides with free delivery here..<\/div><\/div><\/div> <div class=\"fusion-panel panel-default panel-5c8bcf6870e1d8ae4 fusion-toggle-has-divider\"><div class=\"panel-heading\"><h4 class=\"panel-title toggle\" id=\"toggle_5c8bcf6870e1d8ae4\"><a aria-expanded=\"false\" aria-controls=\"5c8bcf6870e1d8ae4\" role=\"button\" data-toggle=\"collapse\" data-parent=\"#accordion-5272-1\" data-target=\"#5c8bcf6870e1d8ae4\" href=\"#5c8bcf6870e1d8ae4\"><span class=\"fusion-toggle-icon-wrapper\" aria-hidden=\"true\"><i class=\"fa-fusion-box active-icon awb-icon-minus\" aria-hidden=\"true\"><\/i><i class=\"fa-fusion-box inactive-icon awb-icon-plus\" aria-hidden=\"true\"><\/i><\/span><span class=\"fusion-toggle-heading\">Travel Audio Books<\/span><\/a><\/h4><\/div><div id=\"5c8bcf6870e1d8ae4\" class=\"panel-collapse collapse \" aria-labelledby=\"toggle_5c8bcf6870e1d8ae4\"><div class=\"panel-body toggle-content fusion-clearfix\">In addition to audio guides, audible offers a lot of audio books to listen before or during your trip.<\/div><\/div><\/div> <div class=\"fusion-panel panel-default panel-0408d7564fcefee9e fusion-toggle-has-divider\"><div class=\"panel-heading\"><h4 class=\"panel-title toggle\" id=\"toggle_0408d7564fcefee9e\"><a aria-expanded=\"false\" aria-controls=\"0408d7564fcefee9e\" role=\"button\" data-toggle=\"collapse\" data-parent=\"#accordion-5272-1\" data-target=\"#0408d7564fcefee9e\" href=\"#0408d7564fcefee9e\"><span class=\"fusion-toggle-icon-wrapper\" aria-hidden=\"true\"><i class=\"fa-fusion-box active-icon awb-icon-minus\" aria-hidden=\"true\"><\/i><i class=\"fa-fusion-box inactive-icon awb-icon-plus\" aria-hidden=\"true\"><\/i><\/span><span class=\"fusion-toggle-heading\">Social<\/span><\/a><\/h4><\/div><div id=\"0408d7564fcefee9e\" class=\"panel-collapse collapse \" aria-labelledby=\"toggle_0408d7564fcefee9e\"><div class=\"panel-body toggle-content fusion-clearfix\">Join us on Twitter, Facebook and Google+: <\/div><\/div><\/div> <\/div><\/div> <div class=\"fusion-clearfix\"><\/div><\/div><\/div><\/div><\/div>\n","protected":false},"excerpt":{"rendered":"","protected":false},"author":1,"featured_media":0,"parent":0,"menu_order":0,"comment_status":"closed","ping_status":"closed","template":"","meta":{"footnotes":""},"class_list":["post-5272","page","type-page","status-publish","hentry"],"_links":{"self":[{"href":"https:\/\/iaudioguide.com\/de\/wp-json\/wp\/v2\/pages\/5272","targetHints":{"allow":["GET"]}}],"collection":[{"href":"https:\/\/iaudioguide.com\/de\/wp-json\/wp\/v2\/pages"}],"about":[{"href":"https:\/\/iaudioguide.com\/de\/wp-json\/wp\/v2\/types\/page"}],"author":[{"embeddable":true,"href":"https:\/\/iaudioguide.com\/de\/wp-json\/wp\/v2\/users\/1"}],"replies":[{"embeddable":true,"href":"https:\/\/iaudioguide.com\/de\/wp-json\/wp\/v2\/comments?post=5272"}],"version-history":[{"count":4,"href":"https:\/\/iaudioguide.com\/de\/wp-json\/wp\/v2\/pages\/5272\/revisions"}],"predecessor-version":[{"id":11991,"href":"https:\/\/iaudioguide.com\/de\/wp-json\/wp\/v2\/pages\/5272\/revisions\/11991"}],"wp:attachment":[{"href":"https:\/\/iaudioguide.com\/de\/wp-json\/wp\/v2\/media?parent=5272"}],"curies":[{"name":"wp","href":"https:\/\/api.w.org\/{rel}","templated":true}]}}