{"id":5278,"date":"2014-05-09T13:51:30","date_gmt":"2014-05-09T12:51:30","guid":{"rendered":"https:\/\/iaudioguide.com\/stadtplan-ausdrucken\/"},"modified":"2017-02-15T16:03:03","modified_gmt":"2017-02-15T15:03:03","slug":"stadtplan-ausdrucken","status":"publish","type":"page","link":"https:\/\/iaudioguide.com\/de\/stadtplan-ausdrucken\/","title":{"rendered":"Stadtplan ausdrucken"},"content":{"rendered":"<p>Hier K\u00f6nnen Sie folgende St\u00e4dtpl\u00e4ne ausdrucken:<\/p>\n<p>&nbsp;<\/p>\n<p><a title=\"Stadtplan Berlin\" href=\"https:\/\/iaudioguide.com\/de\/stadtplan-berlin-zum-ausdrucken-und-audioguide\/\">Stadtplan Berlin<\/a><\/p>\n<p><a title=\"Stadtplan Barcelona ausdrucken und Audioguide\" href=\"https:\/\/iaudioguide.com\/de\/stadtplan-barcelona-ausdrucken-und-audioguide\/\">Stadtplan Barcelona<\/a><\/p>\n<p><a title=\"Stadtplan London ausdrucken\" href=\"https:\/\/iaudioguide.com\/de\/stadtplan-london-zum-ausdrucken-und-audio-guide\/\">Stadtplan London<\/a><\/p>\n<p><a title=\"Stadtplan Paris\" href=\"https:\/\/iaudioguide.com\/de\/stadtplan-paris-zum-ausdrucken-und-audio-guide\/\">Stadtplan Paris<\/a><\/p>\n<p><a title=\"Stadtplan Rom ausdrucken\" href=\"https:\/\/iaudioguide.com\/de\/stadtplan-rom-zum-ausdrucken-und-audioguide\/\">Stadtplan Rom<\/a><\/p>\n<p>&nbsp;<\/p>\n","protected":false},"excerpt":{"rendered":"<p>Hier K\u00f6nnen Sie folgende St\u00e4dtpl\u00e4ne ausdrucken: &nbsp; Stadtplan Berlin Stadtplan Barcelona Stadtplan London Stadtplan Paris Stadtplan Rom &nbsp;<\/p>\n","protected":false},"author":1,"featured_media":0,"parent":0,"menu_order":0,"comment_status":"closed","ping_status":"closed","template":"full-width.php","meta":{"footnotes":""},"class_list":["post-5278","page","type-page","status-publish","hentry"],"_links":{"self":[{"href":"https:\/\/iaudioguide.com\/de\/wp-json\/wp\/v2\/pages\/5278","targetHints":{"allow":["GET"]}}],"collection":[{"href":"https:\/\/iaudioguide.com\/de\/wp-json\/wp\/v2\/pages"}],"about":[{"href":"https:\/\/iaudioguide.com\/de\/wp-json\/wp\/v2\/types\/page"}],"author":[{"embeddable":true,"href":"https:\/\/iaudioguide.com\/de\/wp-json\/wp\/v2\/users\/1"}],"replies":[{"embeddable":true,"href":"https:\/\/iaudioguide.com\/de\/wp-json\/wp\/v2\/comments?post=5278"}],"version-history":[{"count":0,"href":"https:\/\/iaudioguide.com\/de\/wp-json\/wp\/v2\/pages\/5278\/revisions"}],"wp:attachment":[{"href":"https:\/\/iaudioguide.com\/de\/wp-json\/wp\/v2\/media?parent=5278"}],"curies":[{"name":"wp","href":"https:\/\/api.w.org\/{rel}","templated":true}]}}