{"id":5283,"date":"2014-05-09T14:12:10","date_gmt":"2014-05-09T13:12:10","guid":{"rendered":"https:\/\/iaudioguide.com\/berlin-audio-guide-and-map-2\/"},"modified":"2017-02-15T16:03:03","modified_gmt":"2017-02-15T15:03:03","slug":"berlin-audio-guide-und-stadtplan","status":"publish","type":"page","link":"https:\/\/iaudioguide.com\/de\/berlin-audio-guide-und-stadtplan\/","title":{"rendered":"Berlin Audio Guide and Map"},"content":{"rendered":"<div class=\"fusion-fullwidth fullwidth-box fusion-builder-row-1 hundred-percent-fullwidth non-hundred-percent-height-scrolling\" style=\"--awb-border-radius-top-left:0px;--awb-border-radius-top-right:0px;--awb-border-radius-bottom-right:0px;--awb-border-radius-bottom-left:0px;--awb-overflow:visible;--awb-flex-wrap:wrap;\" ><div class=\"fusion-builder-row fusion-row\"><div class=\"fusion-layout-column fusion_builder_column fusion-builder-column-0 fusion_builder_column_1_1 1_1 fusion-one-full fusion-column-first fusion-column-last fusion-column-no-min-height\" style=\"--awb-bg-size:cover;--awb-margin-bottom:0px;\"><div class=\"fusion-column-wrapper fusion-flex-column-wrapper-legacy\">[rev_slider berlinslider]\n<div class=\"fusion-sep-clear\"><\/div><div class=\"fusion-separator fusion-full-width-sep\" style=\"margin-left: auto;margin-right: auto;margin-top:60px;margin-bottom:60px;width:100%;\"><\/div><div class=\"fusion-sep-clear\"><\/div>\n<div class=\"fusion-builder-row fusion-builder-row-inner fusion-row\"><\/div><div class=\"fusion-layout-column fusion_builder_column_inner fusion-builder-nested-column-0 fusion_builder_column_inner_2_3 2_3 fusion-two-third fusion-column-first\" style=\"--awb-bg-size:cover;width:66.666666666667%;width:calc(66.666666666667% - ( ( 4% ) * 0.66666666666667 ) );margin-right: 4%;\"><div class=\"fusion-column-wrapper fusion-flex-column-wrapper-legacy\"><div class=\"fusion-clearfix\"><\/div><\/div><\/div> <div class=\"fusion-clearfix\"><\/div><\/div><\/div><div class=\"fusion-layout-column fusion_builder_column fusion-builder-column-1 fusion_builder_column_1_1 1_1 fusion-one-full fusion-column-first fusion-column-last fusion-column-no-min-height\" style=\"--awb-bg-size:cover;--awb-margin-bottom:0px;\"><div class=\"fusion-column-wrapper fusion-flex-column-wrapper-legacy\"><div class=\"fusion-title title fusion-title-1 fusion-title-text fusion-title-size-two\" style=\"--awb-margin-top-small:0px;--awb-margin-right-small:0px;--awb-margin-bottom-small:20px;--awb-margin-left-small:0px;\"><h2 class=\"fusion-title-heading title-heading-left\" style=\"margin:0;\">Berlin mit einem Audioguide besuchen<\/h2><span class=\"awb-title-spacer\"><\/span><div class=\"title-sep-container\"><div class=\"title-sep sep-double sep-solid\" style=\"border-color:#e0dede;\"><\/div><\/div><\/div>In 16 Tracks beschreibt der iAudioguide von Berlin beschreibt interessante Sehensw\u00fcrdigkeiten der deutschen Hauptstadt. Unser kostenloser<a title=\"Stadtplan Berlin\" href=\"https:\/\/iaudioguide.com\/de\/stadtplan-ausdrucken\/stadtplan-berlin-zum-ausdrucken-und-audioguide\/\"> Stadtplan von Berlin (ausdrucken)<\/a> zeigt Ihnen, wo sich die Sehensw\u00fcrdigkeiten befinden. Die Tracks dauern jeweils etwa vier Minuten, der ganze Guide ungef\u00e4hr eine Stunde. Sie k\u00f6nnen den Guide hier probeh\u00f6ren, downloaden und auf spotify sogar streamen:<\/p>\n<p><a title=\"Audioguide Berlin\" href=\"http:\/\/www.amazon.de\/Audioguide-Berlin-London-Deutsche-Fassung\/dp\/B00I6BE8U8\" target=\"_blank\">Amazon<\/a> &#8211; <a title=\"Audioguide Berlin\" href=\"https:\/\/itunes.apple.com\/ro\/album\/audioguide-berlin-paris-und\/id811766911\" target=\"_blank\">iTunes<\/a> &#8211; <a title=\"Berlin Audioguide\" href=\"https:\/\/play.google.com\/store\/music\/album\/iAudioguide_Audioguide_Berlin_Paris_Und_London_Deu?id=Bzkiaqrxplmhqmz73jb7svqae5i\" target=\"_blank\">Google Play Music<\/a> &#8211; <a title=\"Berlin Audioguide\" href=\"http:\/\/www.ebook.de\/de\/quickSearch?adCode=332Q10V31N40X&amp;affilinet=1&amp;searchString=iAudioguide&amp;ref=297957&amp;affmt=2&amp;affmn=31\" target=\"_blank\">eBook.de<\/a> &#8211; <a title=\"Berlin Audioguide\" href=\"https:\/\/play.spotify.com\/album\/6xFRRIVFSRm0Egooxx70JW\" target=\"_blank\">Spotify<\/a>. Bitte w\u00e4hlen sie einen der Links, und h\u00f6ren Sie in die London Audiotour hinein. Auf Spotify k\u00f6nnen sie den Guide sogar kostenlos anh\u00f6ren. Der London Audioguide wird meist zusammen mit unseren <a title=\"London Audioguide\" href=\"https:\/\/iaudioguide.com\/de\/london-audioguide-und-stadtplan\/\">London Audioguide<\/a> und <a title=\"Paris Audioguide\" href=\"https:\/\/iaudioguide.com\/de\/paris-audioguides-und-stadtplan\/\">Paris Audioguides<\/a> als Downloadpack angeboten.[\/fusion_builder_column_inner]\n<div class=\"fusion-clearfix\"><\/div><\/div><\/div><div class=\"fusion-layout-column fusion_builder_column fusion-builder-column-2 fusion_builder_column_1_3 1_3 fusion-one-third fusion-column-first\" style=\"--awb-bg-size:cover;width:33.333333333333%;width:calc(33.333333333333% - ( ( 4% ) * 0.33333333333333 ) );margin-right: 4%;\"><div class=\"fusion-column-wrapper fusion-flex-column-wrapper-legacy\"> <div class=\"fusion-title title fusion-title-2 fusion-title-text fusion-title-size-two\" style=\"--awb-margin-top-small:0px;--awb-margin-right-small:0px;--awb-margin-bottom-small:20px;--awb-margin-left-small:0px;\"><h2 class=\"fusion-title-heading title-heading-left\" style=\"margin:0;\">Useful resources<\/h2><span class=\"awb-title-spacer\"><\/span><div class=\"title-sep-container\"><div class=\"title-sep sep-double sep-solid\" style=\"border-color:#e0dede;\"><\/div><\/div><\/div> <div class=\"accordian fusion-accordian\" style=\"--awb-border-size:1px;--awb-icon-size:13px;--awb-content-font-size:15px;--awb-icon-alignment:left;--awb-hover-color:#f9f9f9;--awb-border-color:#cccccc;--awb-background-color:#ffffff;--awb-divider-color:#e0dede;--awb-divider-hover-color:#e0dede;--awb-icon-color:#ffffff;--awb-title-color:#333333;--awb-content-color:#747474;--awb-icon-box-color:#333333;--awb-toggle-hover-accent-color:#a0ce4e;--awb-title-font-family:&quot;Antic Slab&quot;;--awb-title-font-weight:400;--awb-title-font-style:normal;--awb-title-font-size:15px;--awb-title-line-height:1.33;--awb-content-font-family:&quot;PT Sans&quot;;--awb-content-font-style:normal;--awb-content-font-weight:400;\"><div class=\"panel-group fusion-toggle-icon-boxed\" id=\"accordion-5283-1\"> <div class=\"fusion-panel panel-default panel-d570aa1935f5230ee fusion-toggle-has-divider\"><div class=\"panel-heading\"><h4 class=\"panel-title toggle\" id=\"toggle_d570aa1935f5230ee\"><a aria-expanded=\"false\" aria-controls=\"d570aa1935f5230ee\" role=\"button\" data-toggle=\"collapse\" data-parent=\"#accordion-5283-1\" data-target=\"#d570aa1935f5230ee\" href=\"#d570aa1935f5230ee\"><span class=\"fusion-toggle-icon-wrapper\" aria-hidden=\"true\"><i class=\"fa-fusion-box active-icon awb-icon-minus\" aria-hidden=\"true\"><\/i><i class=\"fa-fusion-box inactive-icon awb-icon-plus\" aria-hidden=\"true\"><\/i><\/span><span class=\"fusion-toggle-heading\">Travel Books<\/span><\/a><\/h4><\/div><div id=\"d570aa1935f5230ee\" class=\"panel-collapse collapse \" aria-labelledby=\"toggle_d570aa1935f5230ee\"><div class=\"panel-body toggle-content fusion-clearfix\">Our partner <a title=\"Free travel book delivery\" href=\"http:\/\/www.bookdepository.com\/?a_aid=englishbookshop\" target=\"_blank\">bookdepository<\/a> delivers travel guide books and other books for free in most parts of the world. See popular <a title=\"Berlin Travel Guides\" href=\"www.bookdepository.com\/search?searchTerm=berlin+guide&amp;search=Find+book?a_aid=englishbookshop\" target=\"_blank\">London travel guides with free delivery here<\/a>..<\/div><\/div><\/div> <div class=\"fusion-panel panel-default panel-98e6b0d0563ded645 fusion-toggle-has-divider\"><div class=\"panel-heading\"><h4 class=\"panel-title toggle\" id=\"toggle_98e6b0d0563ded645\"><a aria-expanded=\"false\" aria-controls=\"98e6b0d0563ded645\" role=\"button\" data-toggle=\"collapse\" data-parent=\"#accordion-5283-1\" data-target=\"#98e6b0d0563ded645\" href=\"#98e6b0d0563ded645\"><span class=\"fusion-toggle-icon-wrapper\" aria-hidden=\"true\"><i class=\"fa-fusion-box active-icon awb-icon-minus\" aria-hidden=\"true\"><\/i><i class=\"fa-fusion-box inactive-icon awb-icon-plus\" aria-hidden=\"true\"><\/i><\/span><span class=\"fusion-toggle-heading\">Travel Audio Books<\/span><\/a><\/h4><\/div><div id=\"98e6b0d0563ded645\" class=\"panel-collapse collapse \" aria-labelledby=\"toggle_98e6b0d0563ded645\"><div class=\"panel-body toggle-content fusion-clearfix\">In addition to audio guides, audible offers a lot of audio books to listen before or during your trip.<\/div><\/div><\/div> <div class=\"fusion-panel panel-default panel-584ebb3b080628406 fusion-toggle-has-divider\"><div class=\"panel-heading\"><h4 class=\"panel-title toggle\" id=\"toggle_584ebb3b080628406\"><a aria-expanded=\"false\" aria-controls=\"584ebb3b080628406\" role=\"button\" data-toggle=\"collapse\" data-parent=\"#accordion-5283-1\" data-target=\"#584ebb3b080628406\" href=\"#584ebb3b080628406\"><span class=\"fusion-toggle-icon-wrapper\" aria-hidden=\"true\"><i class=\"fa-fusion-box active-icon awb-icon-minus\" aria-hidden=\"true\"><\/i><i class=\"fa-fusion-box inactive-icon awb-icon-plus\" aria-hidden=\"true\"><\/i><\/span><span class=\"fusion-toggle-heading\">Social<\/span><\/a><\/h4><\/div><div id=\"584ebb3b080628406\" class=\"panel-collapse collapse \" aria-labelledby=\"toggle_584ebb3b080628406\"><div class=\"panel-body toggle-content fusion-clearfix\">Join us on Twitter, Facebook and Google+: <\/div><\/div><\/div> <\/div><\/div> <div class=\"fusion-clearfix\"><\/div><\/div><\/div><\/div><\/div>\n","protected":false},"excerpt":{"rendered":"","protected":false},"author":1,"featured_media":0,"parent":0,"menu_order":0,"comment_status":"closed","ping_status":"closed","template":"","meta":{"footnotes":""},"class_list":["post-5283","page","type-page","status-publish","hentry"],"_links":{"self":[{"href":"https:\/\/iaudioguide.com\/de\/wp-json\/wp\/v2\/pages\/5283","targetHints":{"allow":["GET"]}}],"collection":[{"href":"https:\/\/iaudioguide.com\/de\/wp-json\/wp\/v2\/pages"}],"about":[{"href":"https:\/\/iaudioguide.com\/de\/wp-json\/wp\/v2\/types\/page"}],"author":[{"embeddable":true,"href":"https:\/\/iaudioguide.com\/de\/wp-json\/wp\/v2\/users\/1"}],"replies":[{"embeddable":true,"href":"https:\/\/iaudioguide.com\/de\/wp-json\/wp\/v2\/comments?post=5283"}],"version-history":[{"count":2,"href":"https:\/\/iaudioguide.com\/de\/wp-json\/wp\/v2\/pages\/5283\/revisions"}],"predecessor-version":[{"id":11989,"href":"https:\/\/iaudioguide.com\/de\/wp-json\/wp\/v2\/pages\/5283\/revisions\/11989"}],"wp:attachment":[{"href":"https:\/\/iaudioguide.com\/de\/wp-json\/wp\/v2\/media?parent=5283"}],"curies":[{"name":"wp","href":"https:\/\/api.w.org\/{rel}","templated":true}]}}