{"id":5292,"date":"2014-05-09T14:35:09","date_gmt":"2014-05-09T13:35:09","guid":{"rendered":"https:\/\/iaudioguide.com\/rome-plan-de-ville-a-imprimer-et-audioguide\/"},"modified":"2017-02-15T16:03:03","modified_gmt":"2017-02-15T15:03:03","slug":"rome-plan-de-ville-a-imprimer-et-audioguide","status":"publish","type":"page","link":"https:\/\/iaudioguide.com\/fr\/rome-plan-de-ville-a-imprimer-et-audioguide\/","title":{"rendered":"Rome Plan de Ville \u00e0 imprimer et audioguide"},"content":{"rendered":"<p>Imprimez le plan de ville de Rome, avec les attractions d\u00e9crit dans notre iAudioguide:<\/p>\n<p>Ou, <a title=\"T\u00e9l\u00e9charger un audio guide de Rome\" href=\"https:\/\/iaudioguide.com\/fr\/telecharger-un-audio-guide-de-rome\/\">t\u00e9l\u00e9chargez un audio guide de Rome ici.<\/a><br \/>\n1 Place Saint Pierre 2 Basilique Saint Pierre &#8211; 1e partie &#8211; l&rsquo;ext\u00e9rieur\u00a0 3 Basilique Saint Pierre &#8211; 2e partie &#8211; l&rsquo;int\u00e9rieur\u00a0\u00a0 4 Chapelle Sixtine\u00a0 5 Castel Sant&rsquo;Angelo\u00a0 6 Piazza Navona\u00a0 7 Piazza Venezia\u00a0 8 Colis\u00e9e\u00a0 9 Fontaine de Trevi 10 Grand Escalier de la Trinit\u00e9 des Monts\u00a0 11 Piazza del Popolo \u2013 1e partie &#8211; l&rsquo;histoire\u00a0 12 Piazza del Popolo \u2013 2e partie \u2013 les \u00e9glises 13 Villa Borghese 14 Panth\u00e9on 15 Forum Romain 16 Forum Imp\u00e9rial<br \/>\n<iframe src=\"https:\/\/www.google.be\/maps\/ms?hl=en&amp;gl=be&amp;ptab=2&amp;ie=UTF8&amp;oe=UTF8&amp;msa=0&amp;msid=217780979532778179680.000476261e29fe62463f1&amp;t=m&amp;ll=41.900361,12.48107&amp;spn=0.028748,0.070724&amp;z=14&amp;output=embed\" width=\"825\" height=\"450\" frameborder=\"0\" marginwidth=\"0\" marginheight=\"0\" scrolling=\"no\"><\/iframe>\u00a0<small><\/small><\/p>\n","protected":false},"excerpt":{"rendered":"<p>Imprimez le plan de ville de Rome, avec les attractions d\u00e9crit dans notre iAudioguide: Ou, t\u00e9l\u00e9chargez un audio guide de<\/p>\n","protected":false},"author":1,"featured_media":0,"parent":0,"menu_order":0,"comment_status":"closed","ping_status":"closed","template":"full-width.php","meta":{"footnotes":""},"class_list":["post-5292","page","type-page","status-publish","hentry"],"_links":{"self":[{"href":"https:\/\/iaudioguide.com\/fr\/wp-json\/wp\/v2\/pages\/5292","targetHints":{"allow":["GET"]}}],"collection":[{"href":"https:\/\/iaudioguide.com\/fr\/wp-json\/wp\/v2\/pages"}],"about":[{"href":"https:\/\/iaudioguide.com\/fr\/wp-json\/wp\/v2\/types\/page"}],"author":[{"embeddable":true,"href":"https:\/\/iaudioguide.com\/fr\/wp-json\/wp\/v2\/users\/1"}],"replies":[{"embeddable":true,"href":"https:\/\/iaudioguide.com\/fr\/wp-json\/wp\/v2\/comments?post=5292"}],"version-history":[{"count":4,"href":"https:\/\/iaudioguide.com\/fr\/wp-json\/wp\/v2\/pages\/5292\/revisions"}],"predecessor-version":[{"id":5340,"href":"https:\/\/iaudioguide.com\/fr\/wp-json\/wp\/v2\/pages\/5292\/revisions\/5340"}],"wp:attachment":[{"href":"https:\/\/iaudioguide.com\/fr\/wp-json\/wp\/v2\/media?parent=5292"}],"curies":[{"name":"wp","href":"https:\/\/api.w.org\/{rel}","templated":true}]}}