{"id":5293,"date":"2014-05-09T14:36:22","date_gmt":"2014-05-09T13:36:22","guid":{"rendered":"https:\/\/iaudioguide.com\/plan-de-ville-barcelone-et-audioguide\/"},"modified":"2017-02-15T16:03:03","modified_gmt":"2017-02-15T15:03:03","slug":"plan-de-ville-barcelone-et-audioguide","status":"publish","type":"page","link":"https:\/\/iaudioguide.com\/fr\/plan-de-ville-barcelone-et-audioguide\/","title":{"rendered":"Plan de Ville Barcelone et audioguide"},"content":{"rendered":"<p>Imprimez le plan de ville de Barcelone, avec les attractions d\u00e9crit dans notre iAudioguide. <a title=\"T\u00e9l\u00e9chargez un audio guide de Barcelone\" href=\"https:\/\/iaudioguide.com\/fr\/barcelona-audio-guide-et-plan-de-ville\/\">T\u00e9l\u00e9chargez le guide de Barcelone ici<\/a>.<\/p>\n<p>1 Montjuic 2 Fondation Mir\u00f3 3 March\u00e9 de la Boqueria\/Mercat de la Boquer\u00eda 4 Las Ramblas 5 Cathedrale de Barcelone 6 Palais de la Musique Catalane 7 Santa Maria del Mar 8 Arc de Triomphe et Parc de la Ciutadella 9 Port Olympique 10 Sagrada Familia 11 Casa Mila &lsquo;La Pedrera&rsquo; 12 Park Guell 13 Paseo de Gracia 14 MACBA (mus\u00e9e) 15 Camp Nou 16 Histoire de Barcelone<\/p>\n<p><iframe src=\"https:\/\/www.google.be\/maps\/ms?hl=en&amp;gl=be&amp;ptab=2&amp;ie=UTF8&amp;oe=UTF8&amp;msa=0&amp;msid=217780979532778179680.0004762626d15ea794adc&amp;t=m&amp;ll=41.390075,2.178555&amp;spn=0.057953,0.141449&amp;z=13&amp;output=embed\" width=\"825\" height=\"450\" frameborder=\"0\" marginwidth=\"0\" marginheight=\"0\" scrolling=\"no\"><\/iframe>\u00a0<small><\/small><\/p>\n","protected":false},"excerpt":{"rendered":"<p>Imprimez le plan de ville de Barcelone, avec les attractions d\u00e9crit dans notre iAudioguide. T\u00e9l\u00e9chargez le guide de Barcelone ici.<\/p>\n","protected":false},"author":1,"featured_media":0,"parent":0,"menu_order":0,"comment_status":"closed","ping_status":"closed","template":"full-width.php","meta":{"footnotes":""},"class_list":["post-5293","page","type-page","status-publish","hentry"],"_links":{"self":[{"href":"https:\/\/iaudioguide.com\/fr\/wp-json\/wp\/v2\/pages\/5293","targetHints":{"allow":["GET"]}}],"collection":[{"href":"https:\/\/iaudioguide.com\/fr\/wp-json\/wp\/v2\/pages"}],"about":[{"href":"https:\/\/iaudioguide.com\/fr\/wp-json\/wp\/v2\/types\/page"}],"author":[{"embeddable":true,"href":"https:\/\/iaudioguide.com\/fr\/wp-json\/wp\/v2\/users\/1"}],"replies":[{"embeddable":true,"href":"https:\/\/iaudioguide.com\/fr\/wp-json\/wp\/v2\/comments?post=5293"}],"version-history":[{"count":4,"href":"https:\/\/iaudioguide.com\/fr\/wp-json\/wp\/v2\/pages\/5293\/revisions"}],"predecessor-version":[{"id":5339,"href":"https:\/\/iaudioguide.com\/fr\/wp-json\/wp\/v2\/pages\/5293\/revisions\/5339"}],"wp:attachment":[{"href":"https:\/\/iaudioguide.com\/fr\/wp-json\/wp\/v2\/media?parent=5293"}],"curies":[{"name":"wp","href":"https:\/\/api.w.org\/{rel}","templated":true}]}}