{"id":5295,"date":"2014-05-09T14:39:13","date_gmt":"2014-05-09T13:39:13","guid":{"rendered":"https:\/\/iaudioguide.com\/plan-de-ville-de-paris-a-imprimer-et-audio-guide\/"},"modified":"2017-02-15T16:03:03","modified_gmt":"2017-02-15T15:03:03","slug":"plan-de-ville-de-paris-a-imprimer-et-audio-guide","status":"publish","type":"page","link":"https:\/\/iaudioguide.com\/fr\/plan-de-ville-de-paris-a-imprimer-et-audio-guide\/","title":{"rendered":"Plan de Ville de Paris \u00e0 imprimer et audio guide"},"content":{"rendered":"<p>Imprimez le plan de ville de Paris, avec les attractions d\u00e9crit dans notre iAudioguide, ou <a title=\"T\u00e9l\u00e9charger un Audioguide de Paris\" href=\"https:\/\/iaudioguide.com\/fr\/telecharger-un-audioguide-de-paris\/\">\u00e9coutez l&rsquo;audio guide de Paris ici<\/a>:<\/p>\n<p>1 Cimiti\u00e8re de Montparnasse et les Catacombes 2 Jardin du Luxembourg 3 Tour Eiffel 4 Arc de Triomphe 5 Champs-Elys\u00e9es 6 Mus\u00e9e du Louvre 7 Cath\u00e9drale de Notre Dame 8 Palais Royal 9 Centre Pompidou 10 Place des Vosges 11 Cinemath\u00e8que Fran\u00e7aise 12 Montmartre 13 Sacre Coeur 14 Les Invalides 15 Pantheon 16 Histoire de Paris<br \/>\n<iframe src=\"https:\/\/www.google.be\/maps\/ms?hl=en&amp;gl=be&amp;ptab=2&amp;ie=UTF8&amp;oe=UTF8&amp;msa=0&amp;msid=217780979532778179680.00047625f929e8bb4ad75&amp;t=m&amp;ll=48.861327,2.337856&amp;spn=0.05082,0.141621&amp;z=13&amp;output=embed\" width=\"825\" height=\"450\" frameborder=\"0\" marginwidth=\"0\" marginheight=\"0\" scrolling=\"no\"><\/iframe><small><\/small><\/p>\n","protected":false},"excerpt":{"rendered":"<p>Imprimez le plan de ville de Paris, avec les attractions d\u00e9crit dans notre iAudioguide, ou \u00e9coutez l&rsquo;audio guide de Paris<\/p>\n","protected":false},"author":1,"featured_media":0,"parent":0,"menu_order":0,"comment_status":"closed","ping_status":"closed","template":"full-width.php","meta":{"footnotes":""},"class_list":["post-5295","page","type-page","status-publish","hentry"],"_links":{"self":[{"href":"https:\/\/iaudioguide.com\/fr\/wp-json\/wp\/v2\/pages\/5295","targetHints":{"allow":["GET"]}}],"collection":[{"href":"https:\/\/iaudioguide.com\/fr\/wp-json\/wp\/v2\/pages"}],"about":[{"href":"https:\/\/iaudioguide.com\/fr\/wp-json\/wp\/v2\/types\/page"}],"author":[{"embeddable":true,"href":"https:\/\/iaudioguide.com\/fr\/wp-json\/wp\/v2\/users\/1"}],"replies":[{"embeddable":true,"href":"https:\/\/iaudioguide.com\/fr\/wp-json\/wp\/v2\/comments?post=5295"}],"version-history":[{"count":4,"href":"https:\/\/iaudioguide.com\/fr\/wp-json\/wp\/v2\/pages\/5295\/revisions"}],"predecessor-version":[{"id":5325,"href":"https:\/\/iaudioguide.com\/fr\/wp-json\/wp\/v2\/pages\/5295\/revisions\/5325"}],"wp:attachment":[{"href":"https:\/\/iaudioguide.com\/fr\/wp-json\/wp\/v2\/media?parent=5295"}],"curies":[{"name":"wp","href":"https:\/\/api.w.org\/{rel}","templated":true}]}}