{"id":5296,"date":"2014-05-09T14:40:27","date_gmt":"2014-05-09T13:40:27","guid":{"rendered":"https:\/\/iaudioguide.com\/plan-de-ville-de-bruxelles-et-audioguide\/"},"modified":"2017-02-15T16:03:03","modified_gmt":"2017-02-15T15:03:03","slug":"plan-de-ville-de-bruxelles-et-audioguide","status":"publish","type":"page","link":"https:\/\/iaudioguide.com\/fr\/plan-de-ville-de-bruxelles-et-audioguide\/","title":{"rendered":"Plan de Ville de Bruxelles et audioguide"},"content":{"rendered":"<p>Imprimez le plan de ville de Bruxelles, avec les attractions d\u00e9crit dans notre iAudioguide. Ou, <a title=\"Audio guide de Bruxelles \u00e0 t\u00e9l\u00e9charger\" href=\"https:\/\/iaudioguide.com\/fr\/audio-guide-de-bruxelles-a-telecharger\/\">t\u00e9l\u00e9chargez et \u00e9coutez notre Bruxelles audio guide ici.<\/a><br \/>\n1 La Grand Place 2 Les Maisons de guildes de la Grand Place 3 Manneken Pis 4 La Cath\u00e9drale Saint Michel 5 Le Mont des Arts 6 Le Mus\u00e9e des Instruments de Musique 7 La Place du Grand Sablon 8 La Place du Petit Sablon 9 La Promenade du Petit Sablon I 10 La Promenade du Petit Sablon II 11 Le Palais de Justice 12 Le Palais Royal et Parc de Bruxelles 13* La Basilique de Koekelberg 14 Le Mus\u00e9e Horta 15 L&rsquo;Atomium 16 Le Parc du Cinquantenaire<\/p>\n<p><iframe src=\"https:\/\/www.google.be\/maps\/ms?hl=en&amp;gl=be&amp;ptab=2&amp;ie=UTF8&amp;oe=UTF8&amp;msa=0&amp;msid=217780979532778179680.00048342f1b046be5536c&amp;t=m&amp;ll=50.843346,4.373932&amp;spn=0.048777,0.141621&amp;z=13&amp;output=embed\" width=\"825\" height=\"450\" frameborder=\"0\" marginwidth=\"0\" marginheight=\"0\" scrolling=\"no\"><\/iframe>\u00a0<small><\/small><\/p>\n","protected":false},"excerpt":{"rendered":"<p>Imprimez le plan de ville de Bruxelles, avec les attractions d\u00e9crit dans notre iAudioguide. Ou, t\u00e9l\u00e9chargez et \u00e9coutez notre Bruxelles<\/p>\n","protected":false},"author":1,"featured_media":0,"parent":0,"menu_order":0,"comment_status":"closed","ping_status":"closed","template":"full-width.php","meta":{"footnotes":""},"class_list":["post-5296","page","type-page","status-publish","hentry"],"_links":{"self":[{"href":"https:\/\/iaudioguide.com\/fr\/wp-json\/wp\/v2\/pages\/5296","targetHints":{"allow":["GET"]}}],"collection":[{"href":"https:\/\/iaudioguide.com\/fr\/wp-json\/wp\/v2\/pages"}],"about":[{"href":"https:\/\/iaudioguide.com\/fr\/wp-json\/wp\/v2\/types\/page"}],"author":[{"embeddable":true,"href":"https:\/\/iaudioguide.com\/fr\/wp-json\/wp\/v2\/users\/1"}],"replies":[{"embeddable":true,"href":"https:\/\/iaudioguide.com\/fr\/wp-json\/wp\/v2\/comments?post=5296"}],"version-history":[{"count":4,"href":"https:\/\/iaudioguide.com\/fr\/wp-json\/wp\/v2\/pages\/5296\/revisions"}],"predecessor-version":[{"id":5323,"href":"https:\/\/iaudioguide.com\/fr\/wp-json\/wp\/v2\/pages\/5296\/revisions\/5323"}],"wp:attachment":[{"href":"https:\/\/iaudioguide.com\/fr\/wp-json\/wp\/v2\/media?parent=5296"}],"curies":[{"name":"wp","href":"https:\/\/api.w.org\/{rel}","templated":true}]}}