{"id":5299,"date":"2014-05-09T14:50:54","date_gmt":"2014-05-09T13:50:54","guid":{"rendered":"https:\/\/iaudioguide.com\/plan-de-ville-de-berlin-et-audiougide\/"},"modified":"2017-02-15T16:03:03","modified_gmt":"2017-02-15T15:03:03","slug":"plan-de-ville-de-berlin-et-audiougide","status":"publish","type":"page","link":"https:\/\/iaudioguide.com\/fr\/plan-de-ville-de-berlin-et-audiougide\/","title":{"rendered":"Plan de ville de Berlin et Audiougide"},"content":{"rendered":"<p>Imprimez le plan de ville de Berlin, avec les attractions d\u00e9crit dans notre <a title=\"Audioguide de Berlin\" href=\"https:\/\/iaudioguide.com\/fr\/telecharger-un-audio-guide-de-berlin\/\">Audioguide de Berlin<\/a>:<br \/>\n1. Le ch\u00e2teau de Charlottenburg 2. La Colonne de la Victoire\u00a0 3.La Chancellerie Allemande\u00a0 4. Le Reichstag 5. La Porte de Brandenbourg 6. Le M\u00e9morial de l&rsquo;Holocauste 7 La Potsdamer Platz 8. Le Checkpoint Charlie 9. Le Gendarmenmarkt\u00a0 10. Le D\u00f4me de Berlin 11. Alexanderplatz et Tour TV Fernsehturm 12. L&rsquo;\u00eele aux Mus\u00e9es 13. L&rsquo;\u00e9glise du Souvenir\u00a0 14. Le Jardin Botanique de Berlin\u00a0 et, non pas sur le plan de ville: 15. Le Mur de Berlin\u00a0 16. Histoire de Berlin<\/p>\n<p><iframe src=\"https:\/\/www.google.be\/maps\/ms?hl=en&amp;gl=be&amp;ptab=2&amp;ie=UTF8&amp;oe=UTF8&amp;msa=0&amp;msid=217780979532778179680.0004760c2cd8532db9ebb&amp;t=m&amp;ll=52.517892,13.387184&amp;spn=0.047006,0.141449&amp;z=13&amp;output=embed\" width=\"825\" height=\"450\" frameborder=\"0\" marginwidth=\"0\" marginheight=\"0\" scrolling=\"no\"><\/iframe><\/p>\n","protected":false},"excerpt":{"rendered":"<p>Imprimez le plan de ville de Berlin, avec les attractions d\u00e9crit dans notre Audioguide de Berlin: 1. Le ch\u00e2teau de<\/p>\n","protected":false},"author":1,"featured_media":0,"parent":0,"menu_order":0,"comment_status":"closed","ping_status":"closed","template":"full-width.php","meta":{"footnotes":""},"class_list":["post-5299","page","type-page","status-publish","hentry"],"_links":{"self":[{"href":"https:\/\/iaudioguide.com\/fr\/wp-json\/wp\/v2\/pages\/5299","targetHints":{"allow":["GET"]}}],"collection":[{"href":"https:\/\/iaudioguide.com\/fr\/wp-json\/wp\/v2\/pages"}],"about":[{"href":"https:\/\/iaudioguide.com\/fr\/wp-json\/wp\/v2\/types\/page"}],"author":[{"embeddable":true,"href":"https:\/\/iaudioguide.com\/fr\/wp-json\/wp\/v2\/users\/1"}],"replies":[{"embeddable":true,"href":"https:\/\/iaudioguide.com\/fr\/wp-json\/wp\/v2\/comments?post=5299"}],"version-history":[{"count":5,"href":"https:\/\/iaudioguide.com\/fr\/wp-json\/wp\/v2\/pages\/5299\/revisions"}],"predecessor-version":[{"id":5336,"href":"https:\/\/iaudioguide.com\/fr\/wp-json\/wp\/v2\/pages\/5299\/revisions\/5336"}],"wp:attachment":[{"href":"https:\/\/iaudioguide.com\/fr\/wp-json\/wp\/v2\/media?parent=5299"}],"curies":[{"name":"wp","href":"https:\/\/api.w.org\/{rel}","templated":true}]}}