{"id":5315,"date":"2014-05-09T15:32:37","date_gmt":"2014-05-09T14:32:37","guid":{"rendered":"https:\/\/iaudioguide.com\/audio-guide-de-bruxelles-a-telecharger\/"},"modified":"2017-02-15T16:03:02","modified_gmt":"2017-02-15T15:03:02","slug":"audio-guide-de-bruxelles-a-telecharger","status":"publish","type":"page","link":"https:\/\/iaudioguide.com\/fr\/audio-guide-de-bruxelles-a-telecharger\/","title":{"rendered":"Audio guide de Bruxelles \u00e0 t\u00e9l\u00e9charger"},"content":{"rendered":"<div class=\"fusion-fullwidth fullwidth-box fusion-builder-row-1 hundred-percent-fullwidth non-hundred-percent-height-scrolling\" style=\"--awb-border-radius-top-left:0px;--awb-border-radius-top-right:0px;--awb-border-radius-bottom-right:0px;--awb-border-radius-bottom-left:0px;--awb-overflow:visible;--awb-flex-wrap:wrap;\" ><div class=\"fusion-builder-row fusion-row\"><div class=\"fusion-layout-column fusion_builder_column fusion-builder-column-0 fusion_builder_column_1_1 1_1 fusion-one-full fusion-column-first fusion-column-last fusion-column-no-min-height\" style=\"--awb-bg-size:cover;--awb-margin-bottom:0px;\"><div class=\"fusion-column-wrapper fusion-flex-column-wrapper-legacy\">[rev_slider brusselsslider]\n<div class=\"fusion-sep-clear\"><\/div><div class=\"fusion-separator fusion-full-width-sep\" style=\"margin-left: auto;margin-right: auto;margin-top:60px;margin-bottom:60px;width:100%;\"><\/div><div class=\"fusion-sep-clear\"><\/div>\n<div class=\"fusion-builder-row fusion-builder-row-inner fusion-row\"><\/div><div class=\"fusion-layout-column fusion_builder_column_inner fusion-builder-nested-column-0 fusion_builder_column_inner_2_3 2_3 fusion-two-third fusion-column-first\" style=\"--awb-bg-size:cover;width:66.666666666667%;width:calc(66.666666666667% - ( ( 4% ) * 0.66666666666667 ) );margin-right: 4%;\"><div class=\"fusion-column-wrapper fusion-flex-column-wrapper-legacy\"><div class=\"fusion-clearfix\"><\/div><\/div><\/div> <div class=\"fusion-clearfix\"><\/div><\/div><\/div><div class=\"fusion-layout-column fusion_builder_column fusion-builder-column-1 fusion_builder_column_1_1 1_1 fusion-one-full fusion-column-first fusion-column-last fusion-column-no-min-height\" style=\"--awb-bg-size:cover;--awb-margin-bottom:0px;\"><div class=\"fusion-column-wrapper fusion-flex-column-wrapper-legacy\"><div class=\"fusion-title title fusion-title-1 fusion-title-text fusion-title-size-two\" style=\"--awb-margin-top-small:0px;--awb-margin-right-small:0px;--awb-margin-bottom-small:20px;--awb-margin-left-small:0px;\"><h2 class=\"fusion-title-heading title-heading-left\" style=\"margin:0;\">Visitez Bruxelles avec iAudioguide<\/h2><span class=\"awb-title-spacer\"><\/span><div class=\"title-sep-container\"><div class=\"title-sep sep-double sep-solid\" style=\"border-color:#e0dede;\"><\/div><\/div><\/div> Notre audioguide de Bruxellescontient 16 pistes, <a title=\"Plan de Ville de Bruxelles\" href=\"https:\/\/iaudioguide.com\/fr\/plans-de-ville-a-imprimer\/plan-de-ville-de-bruxelles-et-audioguide\/\">cliquez ici pour voir le plan de ville de Bruxelles \u00e0 imprimer<\/a>, avec les attractions d\u00e8crites.<\/p>\n<p>Il est disponible sur:<br \/>\n<a title=\"Audio guide de Bruxelles\" href=\"http:\/\/www.amazon.fr\/Audio-Londres-Bruxelles-Version-Fran%C3%A7aise\/dp\/B00I9L02ZK\" target=\"_blank\">Amazon<\/a> &#8211; <a title=\"Bruxelles audio guide\" href=\"https:\/\/itunes.apple.com\/ro\/album\/audio-guide-londres-paris\/id815055133\" target=\"_blank\">iTunes<\/a> &#8211; <a title=\"Bruxelles Audio Guide\" href=\"https:\/\/play.google.com\/store\/music\/album\/iAudioguide_Audio_Guide_Londres_Paris_Et_Bruxelles?id=Bsuvdug7akg7dheziyke264h6ci\" target=\"_blank\">Google Play Music<\/a> &#8211; <a title=\"Bruxelles Audio Guide\" href=\"http:\/\/www.audible.fr\/pd\/Voyages\/Audio-Guide-Bruxelles-Livre-Audio\/B0092EFNQQ\" target=\"_blank\">Audible<\/a> &#8211; <a title=\"Bruxelles Audio Guide\" href=\"https:\/\/play.spotify.com\/album\/4p2xXHeEpo6xfELus1KGAc\" target=\"_blank\">Spotify<\/a>.<\/p>\n<p>Sur Amazon, Google, Spotify et iTunes l&rsquo;audioguide est vendu ensemble avec les audio guides de Londres et Paris.[\/fusion_builder_column_inner]\n<div class=\"fusion-clearfix\"><\/div><\/div><\/div><div class=\"fusion-layout-column fusion_builder_column fusion-builder-column-2 fusion_builder_column_1_3 1_3 fusion-one-third fusion-column-first\" style=\"--awb-bg-size:cover;width:33.333333333333%;width:calc(33.333333333333% - ( ( 4% ) * 0.33333333333333 ) );margin-right: 4%;\"><div class=\"fusion-column-wrapper fusion-flex-column-wrapper-legacy\"> <div class=\"fusion-title title fusion-title-2 fusion-title-text fusion-title-size-two\" style=\"--awb-margin-top-small:0px;--awb-margin-right-small:0px;--awb-margin-bottom-small:20px;--awb-margin-left-small:0px;\"><h2 class=\"fusion-title-heading title-heading-left\" style=\"margin:0;\">Useful resources<\/h2><span class=\"awb-title-spacer\"><\/span><div class=\"title-sep-container\"><div class=\"title-sep sep-double sep-solid\" style=\"border-color:#e0dede;\"><\/div><\/div><\/div> <div class=\"accordian fusion-accordian\" style=\"--awb-border-size:1px;--awb-icon-size:13px;--awb-content-font-size:15px;--awb-icon-alignment:left;--awb-hover-color:#f9f9f9;--awb-border-color:#cccccc;--awb-background-color:#ffffff;--awb-divider-color:#e0dede;--awb-divider-hover-color:#e0dede;--awb-icon-color:#ffffff;--awb-title-color:#333333;--awb-content-color:#747474;--awb-icon-box-color:#333333;--awb-toggle-hover-accent-color:#a0ce4e;--awb-title-font-family:&quot;Antic Slab&quot;;--awb-title-font-weight:400;--awb-title-font-style:normal;--awb-title-font-size:15px;--awb-title-line-height:1.33;--awb-content-font-family:&quot;PT Sans&quot;;--awb-content-font-style:normal;--awb-content-font-weight:400;\"><div class=\"panel-group fusion-toggle-icon-boxed\" id=\"accordion-5315-1\"> <div class=\"fusion-panel panel-default panel-f44aa79a178dddbaf fusion-toggle-has-divider\"><div class=\"panel-heading\"><h4 class=\"panel-title toggle\" id=\"toggle_f44aa79a178dddbaf\"><a aria-expanded=\"false\" aria-controls=\"f44aa79a178dddbaf\" role=\"button\" data-toggle=\"collapse\" data-parent=\"#accordion-5315-1\" data-target=\"#f44aa79a178dddbaf\" href=\"#f44aa79a178dddbaf\"><span class=\"fusion-toggle-icon-wrapper\" aria-hidden=\"true\"><i class=\"fa-fusion-box active-icon awb-icon-minus\" aria-hidden=\"true\"><\/i><i class=\"fa-fusion-box inactive-icon awb-icon-plus\" aria-hidden=\"true\"><\/i><\/span><span class=\"fusion-toggle-heading\">Travel Books<\/span><\/a><\/h4><\/div><div id=\"f44aa79a178dddbaf\" class=\"panel-collapse collapse \" aria-labelledby=\"toggle_f44aa79a178dddbaf\"><div class=\"panel-body toggle-content fusion-clearfix\">Our partner <a title=\"Free travel book delivery\" href=\"http:\/\/www.bookdepository.com\/?a_aid=englishbookshop\" target=\"_blank\">bookdepository<\/a> delivers travel guide books and other books for free in most parts of the world. See popular <a title=\"London &gt;Travel Guides\" href=\"www.bookdepository.com\/search?searchTerm=london+guide&amp;search=Find+book?a_aid=englishbookshop\" target=\"_blank\">London travel guides with free delivery here<\/a>..<\/div><\/div><\/div> <div class=\"fusion-panel panel-default panel-96b106187d2e86ed8 fusion-toggle-has-divider\"><div class=\"panel-heading\"><h4 class=\"panel-title toggle\" id=\"toggle_96b106187d2e86ed8\"><a aria-expanded=\"false\" aria-controls=\"96b106187d2e86ed8\" role=\"button\" data-toggle=\"collapse\" data-parent=\"#accordion-5315-1\" data-target=\"#96b106187d2e86ed8\" href=\"#96b106187d2e86ed8\"><span class=\"fusion-toggle-icon-wrapper\" aria-hidden=\"true\"><i class=\"fa-fusion-box active-icon awb-icon-minus\" aria-hidden=\"true\"><\/i><i class=\"fa-fusion-box inactive-icon awb-icon-plus\" aria-hidden=\"true\"><\/i><\/span><span class=\"fusion-toggle-heading\">Travel Audio Books<\/span><\/a><\/h4><\/div><div id=\"96b106187d2e86ed8\" class=\"panel-collapse collapse \" aria-labelledby=\"toggle_96b106187d2e86ed8\"><div class=\"panel-body toggle-content fusion-clearfix\">In addition to audio guides, audible offers a lot of audio books to listen before or during your trip.<\/div><\/div><\/div> <div class=\"fusion-panel panel-default panel-8995b2bce938024ad fusion-toggle-has-divider\"><div class=\"panel-heading\"><h4 class=\"panel-title toggle\" id=\"toggle_8995b2bce938024ad\"><a aria-expanded=\"false\" aria-controls=\"8995b2bce938024ad\" role=\"button\" data-toggle=\"collapse\" data-parent=\"#accordion-5315-1\" data-target=\"#8995b2bce938024ad\" href=\"#8995b2bce938024ad\"><span class=\"fusion-toggle-icon-wrapper\" aria-hidden=\"true\"><i class=\"fa-fusion-box active-icon awb-icon-minus\" aria-hidden=\"true\"><\/i><i class=\"fa-fusion-box inactive-icon awb-icon-plus\" aria-hidden=\"true\"><\/i><\/span><span class=\"fusion-toggle-heading\">Social<\/span><\/a><\/h4><\/div><div id=\"8995b2bce938024ad\" class=\"panel-collapse collapse \" aria-labelledby=\"toggle_8995b2bce938024ad\"><div class=\"panel-body toggle-content fusion-clearfix\">Join us on Twitter, Facebook and Google+: <\/div><\/div><\/div> <\/div><\/div> <div class=\"fusion-clearfix\"><\/div><\/div><\/div><\/div><\/div>\n","protected":false},"excerpt":{"rendered":"","protected":false},"author":1,"featured_media":0,"parent":0,"menu_order":0,"comment_status":"closed","ping_status":"closed","template":"","meta":{"footnotes":""},"class_list":["post-5315","page","type-page","status-publish","hentry"],"_links":{"self":[{"href":"https:\/\/iaudioguide.com\/fr\/wp-json\/wp\/v2\/pages\/5315","targetHints":{"allow":["GET"]}}],"collection":[{"href":"https:\/\/iaudioguide.com\/fr\/wp-json\/wp\/v2\/pages"}],"about":[{"href":"https:\/\/iaudioguide.com\/fr\/wp-json\/wp\/v2\/types\/page"}],"author":[{"embeddable":true,"href":"https:\/\/iaudioguide.com\/fr\/wp-json\/wp\/v2\/users\/1"}],"replies":[{"embeddable":true,"href":"https:\/\/iaudioguide.com\/fr\/wp-json\/wp\/v2\/comments?post=5315"}],"version-history":[{"count":2,"href":"https:\/\/iaudioguide.com\/fr\/wp-json\/wp\/v2\/pages\/5315\/revisions"}],"predecessor-version":[{"id":11986,"href":"https:\/\/iaudioguide.com\/fr\/wp-json\/wp\/v2\/pages\/5315\/revisions\/11986"}],"wp:attachment":[{"href":"https:\/\/iaudioguide.com\/fr\/wp-json\/wp\/v2\/media?parent=5315"}],"curies":[{"name":"wp","href":"https:\/\/api.w.org\/{rel}","templated":true}]}}