{"id":5361,"date":"2014-05-13T21:42:48","date_gmt":"2014-05-13T20:42:48","guid":{"rendered":"https:\/\/iaudioguide.com\/barcellona-scarica-la-tua-audioguida\/"},"modified":"2017-02-15T16:03:00","modified_gmt":"2017-02-15T15:03:00","slug":"barcellona-scarica-la-tua-audioguida","status":"publish","type":"page","link":"https:\/\/iaudioguide.com\/it\/barcellona-scarica-la-tua-audioguida\/","title":{"rendered":"Barcellona &#8211; scarica la tua audioguida"},"content":{"rendered":"<div class=\"fusion-fullwidth fullwidth-box fusion-builder-row-1 hundred-percent-fullwidth non-hundred-percent-height-scrolling\" style=\"--awb-border-radius-top-left:0px;--awb-border-radius-top-right:0px;--awb-border-radius-bottom-right:0px;--awb-border-radius-bottom-left:0px;--awb-overflow:visible;--awb-flex-wrap:wrap;\" ><div class=\"fusion-builder-row fusion-row\"><div class=\"fusion-layout-column fusion_builder_column fusion-builder-column-0 fusion_builder_column_1_1 1_1 fusion-one-full fusion-column-first fusion-column-last fusion-column-no-min-height\" style=\"--awb-bg-size:cover;--awb-margin-bottom:0px;\"><div class=\"fusion-column-wrapper fusion-flex-column-wrapper-legacy\">[rev_slider barcelonaslider]\n<div class=\"fusion-sep-clear\"><\/div><div class=\"fusion-separator fusion-full-width-sep\" style=\"margin-left: auto;margin-right: auto;margin-top:60px;margin-bottom:60px;width:100%;\"><\/div><div class=\"fusion-sep-clear\"><\/div>\n<div class=\"fusion-builder-row fusion-builder-row-inner fusion-row\"><\/div><div class=\"fusion-layout-column fusion_builder_column_inner fusion-builder-nested-column-0 fusion_builder_column_inner_2_3 2_3 fusion-two-third fusion-column-first\" style=\"--awb-bg-size:cover;width:66.666666666667%;width:calc(66.666666666667% - ( ( 4% ) * 0.66666666666667 ) );margin-right: 4%;\"><div class=\"fusion-column-wrapper fusion-flex-column-wrapper-legacy\"><div class=\"fusion-clearfix\"><\/div><\/div><\/div> <div class=\"fusion-clearfix\"><\/div><\/div><\/div><div class=\"fusion-layout-column fusion_builder_column fusion-builder-column-1 fusion_builder_column_1_1 1_1 fusion-one-full fusion-column-first fusion-column-last fusion-column-no-min-height\" style=\"--awb-bg-size:cover;--awb-margin-bottom:0px;\"><div class=\"fusion-column-wrapper fusion-flex-column-wrapper-legacy\"><div class=\"fusion-title title fusion-title-1 fusion-title-text fusion-title-size-two\" style=\"--awb-margin-top-small:0px;--awb-margin-right-small:0px;--awb-margin-bottom-small:20px;--awb-margin-left-small:0px;\"><h2 class=\"fusion-title-heading title-heading-left\" style=\"margin:0;\">Barcellona audioguide<\/h2><span class=\"awb-title-spacer\"><\/span><div class=\"title-sep-container\"><div class=\"title-sep sep-double sep-solid\" style=\"border-color:#e0dede;\"><\/div><\/div><\/div> L&#8217;Audioguida di Barcellona \u00e8 composta da 16 tracce ognuna delle quali descrive uno dei luoghi pi\u00f9 affascinanti di questa citt\u00e0. Per orientarsi meglio nella citt\u00e0, \u00e8 possibile<a title=\"Carta di Barcellona da stampare\" href=\"https:\/\/iaudioguide.com\/it\/carta-da-stampare\/carta-di-barcellona-da-stampare-e-audioguida\/\"> stampare una mappa di Barcellona<\/a> con tutti i siti numerati.<br \/>\nLa guida audio \u00e8 disponibile su:<br \/>\n<a title=\"Audio guide Barcellona\" href=\"http:\/\/www.amazon.it\/Audioguida-Barcellona-Audioguide-Versione-Italiana\/dp\/B00ICCCH4K\" target=\"_blank\">Amazon<\/a> &#8211; <a title=\"Audio guide Barcellona\" href=\"https:\/\/itunes.apple.com\/ro\/album\/audioguida-roma-londra-e-barcellona\/id817708894\" target=\"_blank\">iTunes<\/a> &#8211; <a title=\"Barcellona Audio Guide\" href=\"https:\/\/play.google.com\/store\/music\/album\/iAudioguide_Audioguida_Roma_Londra_E_Barcellona_Au?id=Bteusp6hh4aj3cpqit4nblqfaba\" target=\"_blank\">Google Play Music<\/a> &#8211; <a title=\"Barcellona Audio Guide\" href=\"https:\/\/play.spotify.com\/album\/6g12zkKKcs7ybXFyMJBJbP\" target=\"_blank\">Spotify<\/a>. Ascolta un esempio o clica per scaricare.<\/p>\n<p>Su Amazon, Google, Spotify e iTunes la guida \u00e8 disponibile insieme con le guide audio di Londra e di Roma, senza alcun costo aggiuntivo per voi.[\/fusion_builder_column_inner]\n<div class=\"fusion-clearfix\"><\/div><\/div><\/div><div class=\"fusion-layout-column fusion_builder_column fusion-builder-column-2 fusion_builder_column_1_3 1_3 fusion-one-third fusion-column-first\" style=\"--awb-bg-size:cover;width:33.333333333333%;width:calc(33.333333333333% - ( ( 4% ) * 0.33333333333333 ) );margin-right: 4%;\"><div class=\"fusion-column-wrapper fusion-flex-column-wrapper-legacy\"> <div class=\"fusion-title title fusion-title-2 fusion-title-text fusion-title-size-two\" style=\"--awb-margin-top-small:0px;--awb-margin-right-small:0px;--awb-margin-bottom-small:20px;--awb-margin-left-small:0px;\"><h2 class=\"fusion-title-heading title-heading-left\" style=\"margin:0;\">Useful resources<\/h2><span class=\"awb-title-spacer\"><\/span><div class=\"title-sep-container\"><div class=\"title-sep sep-double sep-solid\" style=\"border-color:#e0dede;\"><\/div><\/div><\/div> <div class=\"accordian fusion-accordian\" style=\"--awb-border-size:1px;--awb-icon-size:13px;--awb-content-font-size:15px;--awb-icon-alignment:left;--awb-hover-color:#f9f9f9;--awb-border-color:#cccccc;--awb-background-color:#ffffff;--awb-divider-color:#e0dede;--awb-divider-hover-color:#e0dede;--awb-icon-color:#ffffff;--awb-title-color:#333333;--awb-content-color:#747474;--awb-icon-box-color:#333333;--awb-toggle-hover-accent-color:#a0ce4e;--awb-title-font-family:&quot;Antic Slab&quot;;--awb-title-font-weight:400;--awb-title-font-style:normal;--awb-title-font-size:15px;--awb-title-line-height:1.33;--awb-content-font-family:&quot;PT Sans&quot;;--awb-content-font-style:normal;--awb-content-font-weight:400;\"><div class=\"panel-group fusion-toggle-icon-boxed\" id=\"accordion-5361-1\"> <div class=\"fusion-panel panel-default panel-cca79d1eee46ab2ae fusion-toggle-has-divider\"><div class=\"panel-heading\"><h4 class=\"panel-title toggle\" id=\"toggle_cca79d1eee46ab2ae\"><a aria-expanded=\"false\" aria-controls=\"cca79d1eee46ab2ae\" role=\"button\" data-toggle=\"collapse\" data-parent=\"#accordion-5361-1\" data-target=\"#cca79d1eee46ab2ae\" href=\"#cca79d1eee46ab2ae\"><span class=\"fusion-toggle-icon-wrapper\" aria-hidden=\"true\"><i class=\"fa-fusion-box active-icon awb-icon-minus\" aria-hidden=\"true\"><\/i><i class=\"fa-fusion-box inactive-icon awb-icon-plus\" aria-hidden=\"true\"><\/i><\/span><span class=\"fusion-toggle-heading\">Travel Books<\/span><\/a><\/h4><\/div><div id=\"cca79d1eee46ab2ae\" class=\"panel-collapse collapse \" aria-labelledby=\"toggle_cca79d1eee46ab2ae\"><div class=\"panel-body toggle-content fusion-clearfix\">Our partner bookdepository delivers travel guide books and other books for free in most parts of the world. See popular London travel guides with free delivery here..<\/div><\/div><\/div> <div class=\"fusion-panel panel-default panel-21255b40a37dbb081 fusion-toggle-has-divider\"><div class=\"panel-heading\"><h4 class=\"panel-title toggle\" id=\"toggle_21255b40a37dbb081\"><a aria-expanded=\"false\" aria-controls=\"21255b40a37dbb081\" role=\"button\" data-toggle=\"collapse\" data-parent=\"#accordion-5361-1\" data-target=\"#21255b40a37dbb081\" href=\"#21255b40a37dbb081\"><span class=\"fusion-toggle-icon-wrapper\" aria-hidden=\"true\"><i class=\"fa-fusion-box active-icon awb-icon-minus\" aria-hidden=\"true\"><\/i><i class=\"fa-fusion-box inactive-icon awb-icon-plus\" aria-hidden=\"true\"><\/i><\/span><span class=\"fusion-toggle-heading\">Travel Audio Books<\/span><\/a><\/h4><\/div><div id=\"21255b40a37dbb081\" class=\"panel-collapse collapse \" aria-labelledby=\"toggle_21255b40a37dbb081\"><div class=\"panel-body toggle-content fusion-clearfix\">In addition to audio guides, audible offers a lot of audio books to listen before or during your trip.<\/div><\/div><\/div> <div class=\"fusion-panel panel-default panel-d6c985b226d865a52 fusion-toggle-has-divider\"><div class=\"panel-heading\"><h4 class=\"panel-title toggle\" id=\"toggle_d6c985b226d865a52\"><a aria-expanded=\"false\" aria-controls=\"d6c985b226d865a52\" role=\"button\" data-toggle=\"collapse\" data-parent=\"#accordion-5361-1\" data-target=\"#d6c985b226d865a52\" href=\"#d6c985b226d865a52\"><span class=\"fusion-toggle-icon-wrapper\" aria-hidden=\"true\"><i class=\"fa-fusion-box active-icon awb-icon-minus\" aria-hidden=\"true\"><\/i><i class=\"fa-fusion-box inactive-icon awb-icon-plus\" aria-hidden=\"true\"><\/i><\/span><span class=\"fusion-toggle-heading\">Social<\/span><\/a><\/h4><\/div><div id=\"d6c985b226d865a52\" class=\"panel-collapse collapse \" aria-labelledby=\"toggle_d6c985b226d865a52\"><div class=\"panel-body toggle-content fusion-clearfix\">Join us on Twitter, Facebook and Google+: <\/div><\/div><\/div> <\/div><\/div> <div class=\"fusion-clearfix\"><\/div><\/div><\/div><\/div><\/div>\n","protected":false},"excerpt":{"rendered":"","protected":false},"author":1,"featured_media":0,"parent":0,"menu_order":0,"comment_status":"closed","ping_status":"closed","template":"","meta":{"footnotes":""},"class_list":["post-5361","page","type-page","status-publish","hentry"],"_links":{"self":[{"href":"https:\/\/iaudioguide.com\/it\/wp-json\/wp\/v2\/pages\/5361","targetHints":{"allow":["GET"]}}],"collection":[{"href":"https:\/\/iaudioguide.com\/it\/wp-json\/wp\/v2\/pages"}],"about":[{"href":"https:\/\/iaudioguide.com\/it\/wp-json\/wp\/v2\/types\/page"}],"author":[{"embeddable":true,"href":"https:\/\/iaudioguide.com\/it\/wp-json\/wp\/v2\/users\/1"}],"replies":[{"embeddable":true,"href":"https:\/\/iaudioguide.com\/it\/wp-json\/wp\/v2\/comments?post=5361"}],"version-history":[{"count":3,"href":"https:\/\/iaudioguide.com\/it\/wp-json\/wp\/v2\/pages\/5361\/revisions"}],"predecessor-version":[{"id":11978,"href":"https:\/\/iaudioguide.com\/it\/wp-json\/wp\/v2\/pages\/5361\/revisions\/11978"}],"wp:attachment":[{"href":"https:\/\/iaudioguide.com\/it\/wp-json\/wp\/v2\/media?parent=5361"}],"curies":[{"name":"wp","href":"https:\/\/api.w.org\/{rel}","templated":true}]}}